{"id":945,"date":"2024-05-01T22:00:00","date_gmt":"2024-05-01T22:00:00","guid":{"rendered":"http:\/\/www.tradballs.pt\/pt\/?page_id=945"},"modified":"2024-05-01T19:45:09","modified_gmt":"2024-05-01T19:45:09","slug":"raiz-daldeia-2024","status":"publish","type":"page","link":"https:\/\/www.tradballs.pt\/pt\/raiz-daldeia-2024\/","title":{"rendered":"Raiz d\u2019Aldeia 2024 \u2022 XII Edi\u00e7\u00e3o"},"content":{"rendered":"<div class=\"alignwide-wrap\" data-block=\"group\">\n<div class=\"wp-block-group alignwide\"><div class=\"wp-block-group__inner-container is-layout-constrained wp-block-group-is-layout-constrained\">\n<div class=\"wp-block-cover alignfull\" style=\"min-height:466px;aspect-ratio:unset;\"><span aria-hidden=\"true\" class=\"wp-block-cover__background has-palette-1-background-color has-background-dim\"><\/span><img fetchpriority=\"high\" decoding=\"async\" width=\"1920\" height=\"1282\" class=\"wp-block-cover__image-background wp-image-1077\" alt=\"\" src=\"https:\/\/www.tradballs.pt\/wp-content\/uploads\/2024\/02\/314388922_2112387695613901_6916026155921617382_n.jpg\" data-object-fit=\"cover\" srcset=\"https:\/\/www.tradballs.pt\/wp-content\/uploads\/2024\/02\/314388922_2112387695613901_6916026155921617382_n.jpg 1920w, https:\/\/www.tradballs.pt\/wp-content\/uploads\/2024\/02\/314388922_2112387695613901_6916026155921617382_n-640x427.jpg 640w, https:\/\/www.tradballs.pt\/wp-content\/uploads\/2024\/02\/314388922_2112387695613901_6916026155921617382_n-1280x855.jpg 1280w, https:\/\/www.tradballs.pt\/wp-content\/uploads\/2024\/02\/314388922_2112387695613901_6916026155921617382_n-480x321.jpg 480w, https:\/\/www.tradballs.pt\/wp-content\/uploads\/2024\/02\/314388922_2112387695613901_6916026155921617382_n-768x513.jpg 768w, https:\/\/www.tradballs.pt\/wp-content\/uploads\/2024\/02\/314388922_2112387695613901_6916026155921617382_n-1536x1026.jpg 1536w\" sizes=\"(max-width: 1920px) 100vw, 1920px\" \/><div class=\"wp-block-cover__inner-container is-layout-flow wp-block-cover-is-layout-flow\">\n<figure class=\"wp-block-image size-large\"><img decoding=\"async\" width=\"1280\" height=\"720\" src=\"https:\/\/www.tradballs.pt\/wp-content\/uploads\/2024\/05\/Tradballs_RaidAldeia_banner_2024-1280x720.jpg\" alt=\"\" class=\"wp-image-1462\" srcset=\"https:\/\/www.tradballs.pt\/wp-content\/uploads\/2024\/05\/Tradballs_RaidAldeia_banner_2024-1280x720.jpg 1280w, https:\/\/www.tradballs.pt\/wp-content\/uploads\/2024\/05\/Tradballs_RaidAldeia_banner_2024-640x360.jpg 640w, https:\/\/www.tradballs.pt\/wp-content\/uploads\/2024\/05\/Tradballs_RaidAldeia_banner_2024-480x270.jpg 480w, https:\/\/www.tradballs.pt\/wp-content\/uploads\/2024\/05\/Tradballs_RaidAldeia_banner_2024-768x432.jpg 768w, https:\/\/www.tradballs.pt\/wp-content\/uploads\/2024\/05\/Tradballs_RaidAldeia_banner_2024.jpg 1366w\" sizes=\"(max-width: 1280px) 100vw, 1280px\" \/><\/figure>\n<\/div><\/div>\n\n\n<div class=\"alignwide-wrap\" data-block=\"heading\">\n<h1 class=\"wp-block-heading alignwide has-text-align-center has-huge-font-size\"><strong>Raiz d\u2019Aldeia 2024 \u2022 XII Edi\u00e7\u00e3o<\/strong><\/h1>\n<\/div>\n\n\n<div style=\"height:16px\" aria-hidden=\"true\" class=\"wp-block-spacer\"><\/div>\n\n\n\n<h2 class=\"wp-block-heading has-text-align-center\"><strong>Janeiro de Cima  |  Fund\u00e3o<\/strong><\/h2>\n\n\n\n<div style=\"height:14px\" aria-hidden=\"true\" class=\"wp-block-spacer\"><\/div>\n\n\n\n<h3 class=\"wp-block-heading has-text-align-center\"><strong>26 a 30 de Junho<\/strong><\/h3>\n\n\n\n<div style=\"height:36px\" aria-hidden=\"true\" class=\"wp-block-spacer\"><\/div>\n\n\n\n<p>Uma aldeia de xisto no rega\u00e7o da serra e um rio de \u00e1gua de cristalina. O cheiro da natureza no ar e as cores que salpicam a paisagem. Pequenos e gra\u00fados, novos e velhos. Tradi\u00e7\u00f5es e inova\u00e7\u00f5es, gastronomia e produtos locais. M\u00fasica e dan\u00e7as tradicionais!<br><br>O Ra\u00edz d&#8217;Aldeia \u00e9 um encontro de gera\u00e7\u00f5es e uma partilha de valores culturais e naturais. \u00c9 dan\u00e7ar, viver e reviver as nossas tradi\u00e7\u00f5es, e as dos outros tamb\u00e9m. \u00c9 regressar \u00e0 inf\u00e2ncia, \u00e0 aldeia, ao passado, \u00e0s nossas ra\u00edzes. \u00c9 sentir o calor da terra e a frescura da \u00e1gua. \u00c9 andar de p\u00e9s descal\u00e7os e respirar m\u00fasica e dan\u00e7a!<\/p>\n\n\n\n<div class=\"wp-block-buttons is-content-justification-center is-layout-flex wp-container-core-buttons-is-layout-a89b3969 wp-block-buttons-is-layout-flex\">\n<div class=\"wp-block-button is-style-circular\"><a class=\"wp-block-button__link wp-element-button\" href=\"https:\/\/www.facebook.com\/events\/3420699488147397\/?__cft__[0]=AZXCdxbF0W953p2S0xyF7x7-mPePtKwbGYJ93csc9b4A6LKmFNMNTSvbMGAajW8JtSkH7jJYpC6Y5OxpT8UUgF4Fv3Y2EOI7SL4EbLFaqNdTRBGQz5ywwL5vv1SLvj0dwlLheIdTHYhz5eCFNkGgK8KG4CKjP8ApqhSRcRSCom5pd7a6sLbB3q5t-lauOqt38BkU_7AiuMe4qMZEI7EP-uCv&amp;__tn__=-UK-R\" target=\"_blank\" rel=\"noreferrer noopener\"><strong>Evento Facebook  RAIZ d&#8217;ALDEIA 2024\u00a0<\/strong><\/a><\/div>\n<\/div>\n\n\n\n<div style=\"height:50px\" aria-hidden=\"true\" class=\"wp-block-spacer\"><\/div>\n\n\n\n<h4 class=\"wp-block-heading has-text-align-center\"><strong>Bilheteira<\/strong><\/h4>\n\n\n\n<div class=\"wp-block-columns\">\n<div class=\"wp-block-column is-vertically-aligned-center\">\n<p class=\"has-text-align-center\"><strong>Bilhete Geral:<\/strong> 65 balls<br><strong>Alunos Tradballs:<\/strong> 60 balls<\/p>\n\n\n\n<p class=\"has-text-align-center\"><strong>Especial Fam\u00edlia (bilhete geral): 2 Adultos + 1 Filho (entre os 13 e os 18 anos): <\/strong>175 balls\u00a0<br><strong>Especial Fam\u00edlia (bilhete geral): 2 Adultos + 2 Filhos (entre os 13 e os 18 anos): <\/strong>220 balls<\/p>\n\n\n\n<p class=\"has-text-align-center\">N\u00e3o existem bilhetes di\u00e1rios<br>Entrada gratuita para crian\u00e7as at\u00e9 aos 12 anos (inclusive)<br>M\/6  \u2022. Lota\u00e7\u00e3o Limitada<br><br>[a organiza\u00e7\u00e3o reserva o direito de encerrar a bilheteira caso seja atingida<br>a lota\u00e7\u00e3o m\u00e1xima do espa\u00e7o e de alterar a programa\u00e7\u00e3o]<\/p>\n<\/div>\n<\/div>\n\n\n\n<div class=\"wp-block-buttons is-content-justification-center is-layout-flex wp-container-core-buttons-is-layout-a89b3969 wp-block-buttons-is-layout-flex\">\n<div class=\"wp-block-button is-style-circular\"><a class=\"wp-block-button__link wp-element-button\" href=\"https:\/\/forms.gle\/PPxaSvEXvdf7jT5f6\" target=\"_blank\" rel=\"noreferrer noopener\">\ud835\ude71\ud835\ude78\ud835\ude7b\ud835\ude77\ud835\ude74\ud835\ude83\ud835\ude74\ud835\ude82\u00a0\ud835\ude73\ud835\ude78\ud835\ude82\ud835\ude7f\ud835\ude7e\ud835\ude7d\u00cd\ud835\ude85\ud835\ude74\ud835\ude78\ud835\ude82\u00a0 >>>  \ud835\udfec\ud835\udfed \ud835\uddf1\ud835\uddf2 \ud835\udde0\ud835\uddee\ud835\uddf6\ud835\uddfc, \u00e0\ud835\ude00 \ud835\udfee\ud835\udfee\ud835\uddf5\ud835\udfec\ud835\udfec<\/a><\/div>\n<\/div>\n<\/div>\n<\/div><\/div>\n\n\n<div style=\"height:100px\" aria-hidden=\"true\" class=\"wp-block-spacer\"><\/div>\n\n\n\n<h2 class=\"wp-block-heading has-text-align-center\"><strong>PROGRAMA<\/strong><\/h2>\n\n\n\n<div style=\"height:10px\" aria-hidden=\"true\" class=\"wp-block-spacer\"><\/div>\n\n\n\n<p class=\"has-text-align-center is-style-default\">[em actualiza\u00e7\u00e3o e sujeito a altera\u00e7\u00f5es]<\/p>\n\n\n<div class=\"alignwide-wrap\" data-block=\"columns\">\n<div class=\"wp-block-columns alignwide\">\n<div class=\"wp-block-column\">\n<h2 class=\"wp-block-heading has-text-align-left\">Quarta, 26 Junho<\/h2>\n\n\n\n<p>BALLC\u00d5ES<br><strong>22h00: <\/strong>M\u00fasica e Dan\u00e7a pelos quelhos e quelhas da aldeia<\/p>\n\n\n\n<p>BALL-Trad: baile de dan\u00e7as tradicionais<br><strong>23h30: <\/strong>DANCING STRINGS  [Espa\u00e7o Lagar]<\/p>\n<\/div>\n\n\n\n<div class=\"wp-block-column\">\n<h2 class=\"wp-block-heading has-text-align-left\">Quinta, 27 Junho<\/h2>\n\n\n\n<p>CONCER-Trad: concerto de m\u00fasica tradicional<br><strong>22h00:<\/strong> CRUA (pt) [Igreja Velha de Janeiro de Cima]<\/p>\n\n\n\n<p>BALL-Trad: baile de dan\u00e7as tradicionais<br><strong>24h00:<\/strong> THOUXAZUN (fr)<\/p>\n<\/div>\n\n\n\n<div class=\"wp-block-column\">\n<h2 class=\"wp-block-heading has-text-align-left\">Sexta, 28 Junho<\/h2>\n\n\n\n<p>BALL-Kids: actividade para crian\u00e7as<br>A ANUNCIAR<\/p>\n\n\n\n<p>BALL-Toque: workshop de m\u00fasica tradicional<br>A ANUNCIAR<\/p>\n\n\n\n<p>BALL-Trad: baile de dan\u00e7as tradicionais<br><strong>22h00:<\/strong> CHA\u00cf (fr)<br><strong>24h00: <\/strong>HARTWIN DHOORE TRIO (be)<\/p>\n<\/div>\n<\/div>\n<\/div>\n\n<div class=\"alignwide-wrap\" data-block=\"columns\">\n<div class=\"wp-block-columns alignwide\">\n<div class=\"wp-block-column\">\n<h2 class=\"wp-block-heading has-text-align-left\">S\u00e1bado, 29 Junho<\/h2>\n\n\n\n<p>BALL-Zen: actividade de relaxamento <br>A ANUNCIAR<\/p>\n\n\n\n<p>BALL-Dados: workshop de dan\u00e7a<br>A ANUNCIAR<\/p>\n\n\n\n<p>BALL-Toque: workshop de m\u00fasica<br>A ANUNCIAR<\/p>\n\n\n\n<p>BALL-Trad: baile de dan\u00e7as tradicionais<br><strong>22h00:<\/strong> THOUXAZUN (fr)<br><strong>24h00:<\/strong> CHA\u00cf (fr)<\/p>\n<\/div>\n\n\n\n<div class=\"wp-block-column\">\n<h2 class=\"wp-block-heading has-text-align-left\">Domingo, 30 Junho<\/h2>\n\n\n\n<p>BALL-Trad: baile de dan\u00e7as tradicionais<br><strong>18h00: <\/strong>HARTWIN DHOORE TRIO (be)<\/p>\n<\/div>\n\n\n\n<div class=\"wp-block-column\">\n<p><\/p>\n<\/div>\n<\/div>\n<\/div>\n\n\n<div style=\"height:100px\" aria-hidden=\"true\" class=\"wp-block-spacer\"><\/div>\n\n\n\n<hr class=\"wp-block-separator has-alpha-channel-opacity\"\/>\n\n\n<div class=\"alignwide-wrap\" data-block=\"columns\">\n<div class=\"wp-block-columns alignwide are-vertically-aligned-top\">\n<div class=\"wp-block-column is-vertically-aligned-top\">\n<div class=\"wp-block-group wp-container-content-231d8afb is-vertical is-content-justification-left is-nowrap is-layout-flex wp-container-core-group-is-layout-d439c89b wp-block-group-is-layout-flex\" style=\"margin-top:0;margin-bottom:0\">\n<div class=\"wp-block-group\"><div class=\"wp-block-group__inner-container is-layout-constrained wp-block-group-is-layout-constrained\">\n<div class=\"wp-block-group\"><div class=\"wp-block-group__inner-container is-layout-constrained wp-block-group-is-layout-constrained\">\n<figure class=\"wp-block-image size-full\"><img decoding=\"async\" width=\"1080\" height=\"1080\" src=\"https:\/\/www.tradballs.pt\/wp-content\/uploads\/2024\/05\/CHAI-fr_RAIZ.jpg\" alt=\"\" class=\"wp-image-1475\" srcset=\"https:\/\/www.tradballs.pt\/wp-content\/uploads\/2024\/05\/CHAI-fr_RAIZ.jpg 1080w, https:\/\/www.tradballs.pt\/wp-content\/uploads\/2024\/05\/CHAI-fr_RAIZ-640x640.jpg 640w, https:\/\/www.tradballs.pt\/wp-content\/uploads\/2024\/05\/CHAI-fr_RAIZ-480x480.jpg 480w, https:\/\/www.tradballs.pt\/wp-content\/uploads\/2024\/05\/CHAI-fr_RAIZ-768x768.jpg 768w, https:\/\/www.tradballs.pt\/wp-content\/uploads\/2024\/05\/CHAI-fr_RAIZ-128x128.jpg 128w\" sizes=\"(max-width: 1080px) 100vw, 1080px\" \/><\/figure>\n\n\n\n<h2 class=\"wp-block-heading\"><strong><strong>BALL-Trad com CHA\u00cf (fr)<\/strong><\/strong><\/h2>\n\n\n\n<p>Trois cailloux nous bousculent, nous \u00e9gratignent en nous propulsant dans un mouvement tourbillonnant de convivialit\u00e9 et d&#8217;\u00e9nergies que d&#8217;aucuns appelleraient bal.\u00a0Sons du \u00a0Poitou aux esth\u00e9tiques rugueuses o\u00f9 deux violons, un accord\u00e9on et trois goules se frottent pour un bal traditionnel au son r\u00e9solument moderne.\u00a0Une musique de territoire aux arrangements sauvages.<\/p>\n\n\n\n<p>Benoit Guerbigny:\u00a0\u00a0acorde\u00e3o diat\u00f3nico e goule<br>Baptiste Loosfelt: violino et goule<br>Corentin Boizot: Blaise violon et goule<\/p>\n<\/div><\/div>\n\n\n\n<div class=\"wp-block-group\"><div class=\"wp-block-group__inner-container is-layout-constrained wp-block-group-is-layout-constrained\">\n<div style=\"height:11px\" aria-hidden=\"true\" class=\"wp-block-spacer\"><\/div>\n\n\n\n<div style=\"height:100px\" aria-hidden=\"true\" class=\"wp-block-spacer\"><\/div>\n<\/div><\/div>\n<\/div><\/div>\n<\/div>\n<\/div>\n\n\n\n<div class=\"wp-block-column\">\n<div class=\"wp-block-group\"><div class=\"wp-block-group__inner-container is-layout-constrained wp-block-group-is-layout-constrained\">\n<figure class=\"wp-block-image size-full\"><img loading=\"lazy\" decoding=\"async\" width=\"1080\" height=\"1080\" src=\"https:\/\/www.tradballs.pt\/wp-content\/uploads\/2024\/05\/HARTWIN-DHOORE-TRIO-be_RAIZ-.jpg\" alt=\"\" class=\"wp-image-1476\" srcset=\"https:\/\/www.tradballs.pt\/wp-content\/uploads\/2024\/05\/HARTWIN-DHOORE-TRIO-be_RAIZ-.jpg 1080w, https:\/\/www.tradballs.pt\/wp-content\/uploads\/2024\/05\/HARTWIN-DHOORE-TRIO-be_RAIZ--640x640.jpg 640w, https:\/\/www.tradballs.pt\/wp-content\/uploads\/2024\/05\/HARTWIN-DHOORE-TRIO-be_RAIZ--480x480.jpg 480w, https:\/\/www.tradballs.pt\/wp-content\/uploads\/2024\/05\/HARTWIN-DHOORE-TRIO-be_RAIZ--768x768.jpg 768w, https:\/\/www.tradballs.pt\/wp-content\/uploads\/2024\/05\/HARTWIN-DHOORE-TRIO-be_RAIZ--128x128.jpg 128w\" sizes=\"(max-width: 1080px) 100vw, 1080px\" \/><\/figure>\n\n\n\n<h2 class=\"wp-block-heading\"><strong>BALL-Trad com Hartwin Dhoore Trio\u00a0(be)<\/strong><\/h2>\n\n\n\n<p>Apart from performing as a solo artist in a more fragile and intimate setting, Hartwin loves the magic of creating and performing music with other musicians.<\/p>\n\n\n\n<p>Pavel Souvandjiev (Hartwin&#8217;s cousin) grew up in a musical family and plays the violin since the age of four. Starting off with classical music education as a child, he came home in the trad &amp; folk music scene around the age of 14. The safe harbour where he is mainly known as one of the founding members of the successful trio &#8216;Aerokorda&#8217;. Being gifted with excellent violin skills, his presence in the trio lifts the music into a higher universe.<\/p>\n\n\n\n<p>Flavia Escartin (Cello) grew up in the Catalan countryside in a farmhouse between vineyards and beautiful nature landscapes. The influence of these surroundings make her style organic and ineffable. But she also has roots in the West. With her Belgian mother she regularly visited her grandparents in the city of Ghent and she is currently based in Amsterdam in The Netherlands. Flavia also performs often with her sister Laia under the name &#8216;Escarteen Sisters&#8217; and collaborates often with musicians from the Jazz and World music scene. Her groovy chops and fluent bowing techniques make the trio&#8217;s repertoire swing like a train.<\/p>\n\n\n\n<p>Hartwin Dhoore<strong>:\u00a0<\/strong>acorde\u00e3o diat\u00f3nico<br>Pavel Souvandjiev: violino<br>Flavia Escartin: violoncelo<\/p>\n\n\n\n<div class=\"wp-block-group\"><div class=\"wp-block-group__inner-container is-layout-constrained wp-block-group-is-layout-constrained\">\n<div style=\"height:11px\" aria-hidden=\"true\" class=\"wp-block-spacer\"><\/div>\n<\/div><\/div>\n<\/div><\/div>\n<\/div>\n\n\n\n<div class=\"wp-block-column is-vertically-aligned-top\">\n<div class=\"wp-block-group wp-container-content-231d8afb\" style=\"margin-top:0;margin-bottom:0\"><div class=\"wp-block-group__inner-container is-layout-constrained wp-block-group-is-layout-constrained\">\n<div class=\"wp-block-group\"><div class=\"wp-block-group__inner-container is-layout-constrained wp-block-group-is-layout-constrained\"><\/div><\/div>\n<\/div><\/div>\n<\/div>\n<\/div>\n<\/div>\n\n<div class=\"alignwide-wrap\" data-block=\"columns\">\n<div class=\"wp-block-columns alignwide are-vertically-aligned-top\">\n<div class=\"wp-block-column is-vertically-aligned-top\">\n<div class=\"wp-block-group wp-container-content-231d8afb is-vertical is-content-justification-left is-nowrap is-layout-flex wp-container-core-group-is-layout-d439c89b wp-block-group-is-layout-flex\" style=\"margin-top:0;margin-bottom:0\">\n<div class=\"wp-block-group\"><div class=\"wp-block-group__inner-container is-layout-constrained wp-block-group-is-layout-constrained\">\n<div class=\"wp-block-group\"><div class=\"wp-block-group__inner-container is-layout-constrained wp-block-group-is-layout-constrained\">\n<div style=\"height:11px\" aria-hidden=\"true\" class=\"wp-block-spacer\"><\/div>\n\n\n\n<div style=\"height:100px\" aria-hidden=\"true\" class=\"wp-block-spacer\"><\/div>\n<\/div><\/div>\n<\/div><\/div>\n<\/div>\n<\/div>\n\n\n\n<div class=\"wp-block-column\"><\/div>\n\n\n\n<div class=\"wp-block-column is-vertically-aligned-top\"><\/div>\n<\/div>\n<\/div>\n\n\n<hr class=\"wp-block-separator has-alpha-channel-opacity\"\/>\n\n\n\n<div class=\"wp-block-group is-nowrap is-layout-flex wp-container-core-group-is-layout-6c531013 wp-block-group-is-layout-flex\">\n<figure data-wp-context=\"{&quot;imageId&quot;:&quot;69f5cf000a29a&quot;}\" data-wp-interactive=\"core\/image\" data-wp-key=\"69f5cf000a29a\" class=\"wp-block-image size-large has-lightbox wp-lightbox-container\"><img loading=\"lazy\" decoding=\"async\" width=\"1280\" height=\"1799\" data-wp-class--hide=\"state.isContentHidden\" data-wp-class--show=\"state.isContentVisible\" data-wp-init=\"callbacks.setButtonStyles\" data-wp-on--click=\"actions.showLightbox\" data-wp-on--load=\"callbacks.setButtonStyles\" data-wp-on-window--resize=\"callbacks.setButtonStyles\" src=\"https:\/\/www.tradballs.pt\/wp-content\/uploads\/2024\/05\/Tradballs_RaizDALdeia_Cartaz_2024_ARTEFINAL_A4_web-1280x1799.jpg\" alt=\"\" class=\"wp-image-1477\" srcset=\"https:\/\/www.tradballs.pt\/wp-content\/uploads\/2024\/05\/Tradballs_RaizDALdeia_Cartaz_2024_ARTEFINAL_A4_web-1280x1799.jpg 1280w, https:\/\/www.tradballs.pt\/wp-content\/uploads\/2024\/05\/Tradballs_RaizDALdeia_Cartaz_2024_ARTEFINAL_A4_web-640x900.jpg 640w, https:\/\/www.tradballs.pt\/wp-content\/uploads\/2024\/05\/Tradballs_RaizDALdeia_Cartaz_2024_ARTEFINAL_A4_web-480x675.jpg 480w, https:\/\/www.tradballs.pt\/wp-content\/uploads\/2024\/05\/Tradballs_RaizDALdeia_Cartaz_2024_ARTEFINAL_A4_web-768x1079.jpg 768w, https:\/\/www.tradballs.pt\/wp-content\/uploads\/2024\/05\/Tradballs_RaizDALdeia_Cartaz_2024_ARTEFINAL_A4_web-1093x1536.jpg 1093w, https:\/\/www.tradballs.pt\/wp-content\/uploads\/2024\/05\/Tradballs_RaizDALdeia_Cartaz_2024_ARTEFINAL_A4_web.jpg 1366w\" sizes=\"(max-width: 1280px) 100vw, 1280px\" \/><button\n\t\t\tclass=\"lightbox-trigger\"\n\t\t\ttype=\"button\"\n\t\t\taria-haspopup=\"dialog\"\n\t\t\taria-label=\"Ampliar\"\n\t\t\tdata-wp-init=\"callbacks.initTriggerButton\"\n\t\t\tdata-wp-on--click=\"actions.showLightbox\"\n\t\t\tdata-wp-style--right=\"state.imageButtonRight\"\n\t\t\tdata-wp-style--top=\"state.imageButtonTop\"\n\t\t>\n\t\t\t<svg xmlns=\"http:\/\/www.w3.org\/2000\/svg\" width=\"12\" height=\"12\" fill=\"none\" viewBox=\"0 0 12 12\">\n\t\t\t\t<path fill=\"#fff\" d=\"M2 0a2 2 0 0 0-2 2v2h1.5V2a.5.5 0 0 1 .5-.5h2V0H2Zm2 10.5H2a.5.5 0 0 1-.5-.5V8H0v2a2 2 0 0 0 2 2h2v-1.5ZM8 12v-1.5h2a.5.5 0 0 0 .5-.5V8H12v2a2 2 0 0 1-2 2H8Zm2-12a2 2 0 0 1 2 2v2h-1.5V2a.5.5 0 0 0-.5-.5H8V0h2Z\" \/>\n\t\t\t<\/svg>\n\t\t<\/button><\/figure>\n<\/div>\n\n\n\n<hr class=\"wp-block-separator has-alpha-channel-opacity\"\/>\n\n\n\n<div class=\"wp-block-columns alignfull\">\n<div class=\"wp-block-column is-vertically-aligned-center\"><\/div>\n\n\n\n<div class=\"wp-block-column\"><\/div>\n<\/div>\n\n\n\n<div style=\"height:100px\" aria-hidden=\"true\" class=\"wp-block-spacer\"><\/div>\n\n\n\n<figure class=\"wp-block-gallery alignfull has-nested-images columns-4 is-cropped has-no-gaps wp-block-gallery-1 is-layout-flex wp-block-gallery-is-layout-flex\">\n<figure class=\"wp-block-image size-large\"><img loading=\"lazy\" decoding=\"async\" width=\"1280\" height=\"855\" data-id=\"1071\" src=\"https:\/\/www.tradballs.pt\/wp-content\/uploads\/2024\/02\/314410982_2112387158947288_5965539355259064543_n-1280x855.jpg\" alt=\"\" class=\"wp-image-1071\" srcset=\"https:\/\/www.tradballs.pt\/wp-content\/uploads\/2024\/02\/314410982_2112387158947288_5965539355259064543_n-1280x855.jpg 1280w, https:\/\/www.tradballs.pt\/wp-content\/uploads\/2024\/02\/314410982_2112387158947288_5965539355259064543_n-640x427.jpg 640w, https:\/\/www.tradballs.pt\/wp-content\/uploads\/2024\/02\/314410982_2112387158947288_5965539355259064543_n-480x321.jpg 480w, https:\/\/www.tradballs.pt\/wp-content\/uploads\/2024\/02\/314410982_2112387158947288_5965539355259064543_n-768x513.jpg 768w, https:\/\/www.tradballs.pt\/wp-content\/uploads\/2024\/02\/314410982_2112387158947288_5965539355259064543_n-1536x1026.jpg 1536w, https:\/\/www.tradballs.pt\/wp-content\/uploads\/2024\/02\/314410982_2112387158947288_5965539355259064543_n.jpg 1920w\" sizes=\"(max-width: 1280px) 100vw, 1280px\" \/><\/figure>\n\n\n\n<figure class=\"wp-block-image size-large\"><img loading=\"lazy\" decoding=\"async\" width=\"1280\" height=\"855\" data-id=\"1070\" src=\"https:\/\/www.tradballs.pt\/wp-content\/uploads\/2024\/02\/314412256_2112386995613971_5575436162722255312_n-1280x855.jpg\" alt=\"\" class=\"wp-image-1070\" srcset=\"https:\/\/www.tradballs.pt\/wp-content\/uploads\/2024\/02\/314412256_2112386995613971_5575436162722255312_n-1280x855.jpg 1280w, https:\/\/www.tradballs.pt\/wp-content\/uploads\/2024\/02\/314412256_2112386995613971_5575436162722255312_n-640x427.jpg 640w, https:\/\/www.tradballs.pt\/wp-content\/uploads\/2024\/02\/314412256_2112386995613971_5575436162722255312_n-480x321.jpg 480w, https:\/\/www.tradballs.pt\/wp-content\/uploads\/2024\/02\/314412256_2112386995613971_5575436162722255312_n-768x513.jpg 768w, https:\/\/www.tradballs.pt\/wp-content\/uploads\/2024\/02\/314412256_2112386995613971_5575436162722255312_n-1536x1026.jpg 1536w, https:\/\/www.tradballs.pt\/wp-content\/uploads\/2024\/02\/314412256_2112386995613971_5575436162722255312_n.jpg 1920w\" sizes=\"(max-width: 1280px) 100vw, 1280px\" \/><\/figure>\n\n\n\n<figure class=\"wp-block-image size-large\"><img loading=\"lazy\" decoding=\"async\" width=\"1280\" height=\"855\" data-id=\"1069\" src=\"https:\/\/www.tradballs.pt\/wp-content\/uploads\/2024\/02\/312565188_2112894665563204_7549621607156750181_n-1280x855.jpg\" alt=\"\" class=\"wp-image-1069\" srcset=\"https:\/\/www.tradballs.pt\/wp-content\/uploads\/2024\/02\/312565188_2112894665563204_7549621607156750181_n-1280x855.jpg 1280w, https:\/\/www.tradballs.pt\/wp-content\/uploads\/2024\/02\/312565188_2112894665563204_7549621607156750181_n-640x427.jpg 640w, https:\/\/www.tradballs.pt\/wp-content\/uploads\/2024\/02\/312565188_2112894665563204_7549621607156750181_n-480x321.jpg 480w, https:\/\/www.tradballs.pt\/wp-content\/uploads\/2024\/02\/312565188_2112894665563204_7549621607156750181_n-768x513.jpg 768w, https:\/\/www.tradballs.pt\/wp-content\/uploads\/2024\/02\/312565188_2112894665563204_7549621607156750181_n-1536x1026.jpg 1536w, https:\/\/www.tradballs.pt\/wp-content\/uploads\/2024\/02\/312565188_2112894665563204_7549621607156750181_n.jpg 1920w\" sizes=\"(max-width: 1280px) 100vw, 1280px\" \/><\/figure>\n<\/figure>\n","protected":false},"excerpt":{"rendered":"<div class=\"entry-summary\">\nRaiz d\u2019Aldeia 2024 \u2022 XII Edi\u00e7\u00e3o Janeiro de Cima | Fund\u00e3o 26 a 30 de Junho Uma aldeia de xisto no rega\u00e7o da serra e um rio de \u00e1gua de cristalina. O cheiro da natureza no ar e as cores&hellip;\n<\/div>\n<div class=\"link-more-container\"><a href=\"https:\/\/www.tradballs.pt\/pt\/raiz-daldeia-2024\/\" class=\"link-more\" aria-label=\"Continue reading Raiz d\u2019Aldeia 2024 \u2022 XII Edi\u00e7\u00e3o\">Continue reading&hellip;<\/a><\/div>\n","protected":false},"author":1,"featured_media":0,"parent":0,"menu_order":2,"comment_status":"closed","ping_status":"closed","template":"templates\/no-intro.php","meta":{"_coblocks_attr":"","_coblocks_dimensions":"","_coblocks_responsive_height":"","_coblocks_accordion_ie_support":"","footnotes":""},"class_list":["post-945","page","type-page","status-publish","hentry","entry","entry-type-page"],"_links":{"self":[{"href":"https:\/\/www.tradballs.pt\/pt\/wp-json\/wp\/v2\/pages\/945","targetHints":{"allow":["GET"]}}],"collection":[{"href":"https:\/\/www.tradballs.pt\/pt\/wp-json\/wp\/v2\/pages"}],"about":[{"href":"https:\/\/www.tradballs.pt\/pt\/wp-json\/wp\/v2\/types\/page"}],"author":[{"embeddable":true,"href":"https:\/\/www.tradballs.pt\/pt\/wp-json\/wp\/v2\/users\/1"}],"replies":[{"embeddable":true,"href":"https:\/\/www.tradballs.pt\/pt\/wp-json\/wp\/v2\/comments?post=945"}],"version-history":[{"count":4,"href":"https:\/\/www.tradballs.pt\/pt\/wp-json\/wp\/v2\/pages\/945\/revisions"}],"predecessor-version":[{"id":1478,"href":"https:\/\/www.tradballs.pt\/pt\/wp-json\/wp\/v2\/pages\/945\/revisions\/1478"}],"wp:attachment":[{"href":"https:\/\/www.tradballs.pt\/pt\/wp-json\/wp\/v2\/media?parent=945"}],"curies":[{"name":"wp","href":"https:\/\/api.w.org\/{rel}","templated":true}]}}