{"id":944,"date":"2020-09-06T20:10:29","date_gmt":"2020-09-06T20:10:29","guid":{"rendered":"http:\/\/www.tradballs.pt\/pt\/?page_id=944"},"modified":"2025-08-26T13:23:47","modified_gmt":"2025-08-26T12:23:47","slug":"passagem-dano","status":"publish","type":"page","link":"https:\/\/www.tradballs.pt\/pt\/passagem-dano\/","title":{"rendered":"Passagem d&#8217;Ano"},"content":{"rendered":"\t\t<div data-elementor-type=\"wp-page\" data-elementor-id=\"944\" class=\"elementor elementor-944\" data-elementor-post-type=\"page\">\n\t\t\t\t<div class=\"elementor-element elementor-element-5200baa e-con-full e-flex e-con e-parent\" data-id=\"5200baa\" data-element_type=\"container\" data-e-type=\"container\" data-settings=\"{&quot;background_background&quot;:&quot;classic&quot;}\">\n\t\t<div class=\"elementor-element elementor-element-2741134 e-con-full e-flex e-con e-child\" data-id=\"2741134\" data-element_type=\"container\" data-e-type=\"container\">\n\t\t\t\t<\/div>\n\t\t\t\t<\/div>\n\t\t\t\t<section class=\"elementor-section elementor-top-section elementor-element elementor-element-9e4898a elementor-section-boxed elementor-section-height-default elementor-section-height-default\" data-id=\"9e4898a\" data-element_type=\"section\" data-e-type=\"section\" data-settings=\"{&quot;background_background&quot;:&quot;classic&quot;}\">\n\t\t\t\t\t\t<div class=\"elementor-container elementor-column-gap-default\">\n\t\t\t\t\t<div class=\"elementor-column elementor-col-100 elementor-top-column elementor-element elementor-element-4484866\" data-id=\"4484866\" data-element_type=\"column\" data-e-type=\"column\">\n\t\t\t<div class=\"elementor-widget-wrap elementor-element-populated\">\n\t\t\t\t\t\t<div class=\"elementor-element elementor-element-ab8b86e elementor-widget elementor-widget-heading\" data-id=\"ab8b86e\" data-element_type=\"widget\" data-e-type=\"widget\" data-widget_type=\"heading.default\">\n\t\t\t\t<div class=\"elementor-widget-container\">\n\t\t\t\t\t<h2 class=\"elementor-heading-title elementor-size-default\">Festival Passagem d'Ano<\/h2>\t\t\t\t<\/div>\n\t\t\t\t<\/div>\n\t\t\t\t<div class=\"elementor-element elementor-element-8bb1e8c elementor-widget elementor-widget-text-editor\" data-id=\"8bb1e8c\" data-element_type=\"widget\" data-e-type=\"widget\" data-widget_type=\"text-editor.default\">\n\t\t\t\t<div class=\"elementor-widget-container\">\n\t\t\t\t\t\t\t\t\t<p>Festival anual que se realiza em Dezembro, em Coimbra, com programa\u00e7\u00e3o de tr\u00eas ou quarto dias, com ambiente familiar e acolhedor, destinado a todas a idades. Habitualmente realiza-se no Centro Norton de Matos.<\/p><p>\u00a0<\/p><p>A programa\u00e7\u00e3o do festival \u00e9 pensada de forma a abranger v\u00e1rios n\u00edveis de aprendizagem, de dificuldade e de interesse, contando com workshops de dan\u00e7a para bailadores iniciados, interm\u00e9dios e avan\u00e7ados. Em simult\u00e2neo realizam-se workshops de m\u00fasica ensemble, estruturados de modo a abranger diversos instrumentos musicais e v\u00e1rios n\u00edveis de aprendizagem.<\/p>\t\t\t\t\t\t\t\t<\/div>\n\t\t\t\t<\/div>\n\t\t\t\t\t<\/div>\n\t\t<\/div>\n\t\t\t\t\t<\/div>\n\t\t<\/section>\n\t\t<div class=\"elementor-element elementor-element-745ec00 e-flex e-con-boxed e-con e-parent\" data-id=\"745ec00\" data-element_type=\"container\" data-e-type=\"container\">\n\t\t\t\t\t<div class=\"e-con-inner\">\n\t\t<div class=\"elementor-element elementor-element-4c67ebc e-con-full e-flex e-con e-child\" data-id=\"4c67ebc\" data-element_type=\"container\" data-e-type=\"container\" data-settings=\"{&quot;background_background&quot;:&quot;classic&quot;}\">\n\t\t\t\t<div class=\"elementor-element elementor-element-944692d elementor-widget elementor-widget-heading\" data-id=\"944692d\" data-element_type=\"widget\" data-e-type=\"widget\" data-widget_type=\"heading.default\">\n\t\t\t\t<div class=\"elementor-widget-container\">\n\t\t\t\t\t<h2 class=\"elementor-heading-title elementor-size-default\">Pr\u00f3ximas Edi\u00e7\u00f5es<\/h2>\t\t\t\t<\/div>\n\t\t\t\t<\/div>\n\t\t\t\t<div class=\"elementor-element elementor-element-c464c83 elementor-align-center elementor-widget elementor-widget-button\" data-id=\"c464c83\" data-element_type=\"widget\" data-e-type=\"widget\" data-widget_type=\"button.default\">\n\t\t\t\t<div class=\"elementor-widget-container\">\n\t\t\t\t\t\t\t\t\t<div class=\"elementor-button-wrapper\">\n\t\t\t\t\t<a class=\"elementor-button elementor-button-link elementor-size-sm\" href=\"https:\/\/www.tradballs.pt\/pt\/passagem-dano\/passagem-dano-2025-26\/\">\n\t\t\t\t\t\t<span class=\"elementor-button-content-wrapper\">\n\t\t\t\t\t\t\t\t\t<span class=\"elementor-button-text\">Passagem d'Ano 2025\/26<\/span>\n\t\t\t\t\t<\/span>\n\t\t\t\t\t<\/a>\n\t\t\t\t<\/div>\n\t\t\t\t\t\t\t\t<\/div>\n\t\t\t\t<\/div>\n\t\t\t\t<\/div>\n\t\t\t\t\t<\/div>\n\t\t\t\t<\/div>\n\t\t<div class=\"elementor-element elementor-element-7cdc28a e-flex e-con-boxed e-con e-parent\" data-id=\"7cdc28a\" data-element_type=\"container\" data-e-type=\"container\" data-settings=\"{&quot;background_background&quot;:&quot;classic&quot;}\">\n\t\t\t\t\t<div class=\"e-con-inner\">\n\t\t\t\t\t<\/div>\n\t\t\t\t<\/div>\n\t\t\t\t<section class=\"elementor-section elementor-top-section elementor-element elementor-element-94069e1 elementor-section-boxed elementor-section-height-default elementor-section-height-default\" data-id=\"94069e1\" data-element_type=\"section\" data-e-type=\"section\">\n\t\t\t\t\t\t<div class=\"elementor-container elementor-column-gap-default\">\n\t\t\t\t\t<div class=\"elementor-column elementor-col-100 elementor-top-column elementor-element elementor-element-61fc1a2\" data-id=\"61fc1a2\" data-element_type=\"column\" data-e-type=\"column\">\n\t\t\t<div class=\"elementor-widget-wrap elementor-element-populated\">\n\t\t\t\t\t\t<div class=\"elementor-element elementor-element-afd40cb elementor-widget elementor-widget-heading\" data-id=\"afd40cb\" data-element_type=\"widget\" data-e-type=\"widget\" data-widget_type=\"heading.default\">\n\t\t\t\t<div class=\"elementor-widget-container\">\n\t\t\t\t\t<h2 class=\"elementor-heading-title elementor-size-default\">INFORMA\u00c7\u00d5ES \u00daTEIS<\/h2>\t\t\t\t<\/div>\n\t\t\t\t<\/div>\n\t\t\t\t<div class=\"elementor-element elementor-element-929da0b elementor-widget elementor-widget-n-accordion\" data-id=\"929da0b\" data-element_type=\"widget\" data-e-type=\"widget\" data-settings=\"{&quot;default_state&quot;:&quot;all_collapsed&quot;,&quot;max_items_expended&quot;:&quot;one&quot;,&quot;n_accordion_animation_duration&quot;:{&quot;unit&quot;:&quot;ms&quot;,&quot;size&quot;:400,&quot;sizes&quot;:[]}}\" data-widget_type=\"nested-accordion.default\">\n\t\t\t\t<div class=\"elementor-widget-container\">\n\t\t\t\t\t\t\t<div class=\"e-n-accordion\" aria-label=\"Accordion. Open links with Enter or Space, close with Escape, and navigate with Arrow Keys\">\n\t\t\t\t\t\t<details id=\"e-n-accordion-item-1530\" class=\"e-n-accordion-item\" >\n\t\t\t\t<summary class=\"e-n-accordion-item-title\" data-accordion-index=\"1\" tabindex=\"0\" aria-expanded=\"false\" aria-controls=\"e-n-accordion-item-1530\" >\n\t\t\t\t\t<span class='e-n-accordion-item-title-header'><div class=\"e-n-accordion-item-title-text\"> COMO CHEGAR <\/div><\/span>\n\t\t\t\t\t\t\t<span class='e-n-accordion-item-title-icon'>\n\t\t\t<span class='e-opened' ><i aria-hidden=\"true\" class=\"fas fa-chevron-up\"><\/i><\/span>\n\t\t\t<span class='e-closed'><i aria-hidden=\"true\" class=\"fas fa-chevron-down\"><\/i><\/span>\n\t\t<\/span>\n\n\t\t\t\t\t\t<\/summary>\n\t\t\t\t<div role=\"region\" aria-labelledby=\"e-n-accordion-item-1530\" class=\"elementor-element elementor-element-6610c6b e-con-full e-flex e-con e-child\" data-id=\"6610c6b\" data-element_type=\"container\" data-e-type=\"container\">\n\t\t\t\t<div class=\"elementor-element elementor-element-3af0f59 elementor-widget elementor-widget-text-editor\" data-id=\"3af0f59\" data-element_type=\"widget\" data-e-type=\"widget\" data-widget_type=\"text-editor.default\">\n\t\t\t\t<div class=\"elementor-widget-container\">\n\t\t\t\t\t\t\t\t\t<div dir=\"auto\"><div class=\"x14z9mp xat24cr x1lziwak x1vvkbs xtlvy1s x126k92a\"><div dir=\"auto\"><div class=\"x14z9mp xat24cr x1lziwak x1vvkbs xtlvy1s\"><span class=\"html-span xexx8yu xyri2b x18d9i69 x1c1uobl x1hl2dhg x16tdsg8 x1vvkbs x3nfvp2 x1j61x8r x1fcty0u xdj266r xat24cr xm2jcoa x1mpyi22 xxymvpz xlup9mm x1kky2od\"><img decoding=\"async\" class=\"xz74otr x15mokao x1ga7v0g x16uus16 xbiv7yw\" src=\"https:\/\/static.xx.fbcdn.net\/images\/emoji.php\/v9\/tcc\/2\/16\/1f4cd.png\" alt=\"\ud83d\udccd\" width=\"16\" height=\"16\" \/><\/span>\u00a0<a href=\"https:\/\/maps.app.goo.gl\/4j9Jj2GHYwAKxicS9\" target=\"_blank\" rel=\"noopener\">Centro Norton de Matos<\/a><br class=\"html-br\" \/>Rua Vasco da Gama,<br class=\"html-br\" \/>Bairro Norton de Matos, Coimbra<\/div><\/div><\/div><\/div>\t\t\t\t\t\t\t\t<\/div>\n\t\t\t\t<\/div>\n\t\t\t\t<\/div>\n\t\t\t\t\t<\/details>\n\t\t\t\t\t<\/div>\n\t\t\t\t\t\t<\/div>\n\t\t\t\t<\/div>\n\t\t\t\t\t<\/div>\n\t\t<\/div>\n\t\t\t\t\t<\/div>\n\t\t<\/section>\n\t\t\t\t<\/div>\n\t\t","protected":false},"excerpt":{"rendered":"<div class=\"entry-summary\">\nFestival Passagem d&#8217;Ano Festival anual que se realiza em Dezembro, em Coimbra, com programa\u00e7\u00e3o de tr\u00eas ou quarto dias, com ambiente familiar e acolhedor, destinado a todas a idades. Habitualmente realiza-se no Centro Norton de Matos. \u00a0 A programa\u00e7\u00e3o do&hellip;\n<\/div>\n<div class=\"link-more-container\"><a href=\"https:\/\/www.tradballs.pt\/pt\/passagem-dano\/\" class=\"link-more\" aria-label=\"Continue reading Passagem d&#8217;Ano\">Continue reading&hellip;<\/a><\/div>\n","protected":false},"author":1,"featured_media":0,"parent":0,"menu_order":1,"comment_status":"closed","ping_status":"closed","template":"","meta":{"_coblocks_attr":"","_coblocks_dimensions":"","_coblocks_responsive_height":"","_coblocks_accordion_ie_support":"","footnotes":""},"class_list":["post-944","page","type-page","status-publish","hentry","entry","entry-type-page"],"_links":{"self":[{"href":"https:\/\/www.tradballs.pt\/pt\/wp-json\/wp\/v2\/pages\/944","targetHints":{"allow":["GET"]}}],"collection":[{"href":"https:\/\/www.tradballs.pt\/pt\/wp-json\/wp\/v2\/pages"}],"about":[{"href":"https:\/\/www.tradballs.pt\/pt\/wp-json\/wp\/v2\/types\/page"}],"author":[{"embeddable":true,"href":"https:\/\/www.tradballs.pt\/pt\/wp-json\/wp\/v2\/users\/1"}],"replies":[{"embeddable":true,"href":"https:\/\/www.tradballs.pt\/pt\/wp-json\/wp\/v2\/comments?post=944"}],"version-history":[{"count":10,"href":"https:\/\/www.tradballs.pt\/pt\/wp-json\/wp\/v2\/pages\/944\/revisions"}],"predecessor-version":[{"id":2268,"href":"https:\/\/www.tradballs.pt\/pt\/wp-json\/wp\/v2\/pages\/944\/revisions\/2268"}],"wp:attachment":[{"href":"https:\/\/www.tradballs.pt\/pt\/wp-json\/wp\/v2\/media?parent=944"}],"curies":[{"name":"wp","href":"https:\/\/api.w.org\/{rel}","templated":true}]}}