{"id":744,"date":"2020-09-05T00:38:27","date_gmt":"2020-09-05T00:38:27","guid":{"rendered":"http:\/\/www.tradballs.pt\/?page_id=744"},"modified":"2025-08-26T13:37:31","modified_gmt":"2025-08-26T12:37:31","slug":"festivais","status":"publish","type":"page","link":"https:\/\/www.tradballs.pt\/pt\/festivais\/","title":{"rendered":"Festivais"},"content":{"rendered":"\n<h2 class=\"wp-block-heading has-text-align-center\">Eventos Culturais<\/h2>\n\n\n\n<div class=\"wp-block-group\"><div class=\"wp-block-group__inner-container is-layout-constrained wp-block-group-is-layout-constrained\">\n<p>Festivais baseados no conceito <strong>\u201cde dia aprende-se, \u00e0 noite baila-se\u201d,<\/strong> popularizado por festivais nacionais e internacionais com a mesma tem\u00e1tica e din\u00e2mica, e tem como objetivo canalizar o p\u00fablico, j\u00e1 de si interessado em cultura tradicional, para outras iniciativas de cariz semelhante, criando, assim, novos tipos de p\u00fablico. Segue um modelo de <strong>workshops de dan\u00e7a e de m\u00fasica tradicional ao longo do dia e de concertos\/ bailes \u00e0 noite, <\/strong>os quais s\u00e3o pensados de forma a p\u00f4r em pr\u00e1tica os conhecimentos adquiridos nos workshops.<\/p>\n\n\n\n<p>O <strong>FEST-i-BALL<\/strong>, <strong>o RAIZ d&#8217;ALDEIA <\/strong> e a <strong>PASSAGEM d&#8217;ANO <\/strong> s\u00e3o festivais onde os dias s\u00e3o intensos, preenchidos com workshops e actividades, e as noites, com os seus bailes, m\u00e1gicas!<\/p>\n\n\n\n<p>Estes festivais destinam-se a pessoas de <strong>todas as idades<\/strong> e de <strong>todos os estratos sociais, a fam\u00edlias e, at\u00e9 mesmo, aos \u201cp\u00e9s-de-chumbo\u201d. Dos 8 aos 80 anos todos podem e devem dan\u00e7ar!<\/strong><\/p>\n<\/div><\/div>\n\n\n\n<div style=\"height:100px\" aria-hidden=\"true\" class=\"wp-block-spacer\"><\/div>\n\n\n\n<div class=\"wp-block-cover alignfull\"><img fetchpriority=\"high\" decoding=\"async\" width=\"1920\" height=\"1282\" class=\"wp-block-cover__image-background wp-image-1077\" alt=\"\" src=\"https:\/\/www.tradballs.pt\/wp-content\/uploads\/2024\/02\/314388922_2112387695613901_6916026155921617382_n.jpg\" data-object-fit=\"cover\" srcset=\"https:\/\/www.tradballs.pt\/wp-content\/uploads\/2024\/02\/314388922_2112387695613901_6916026155921617382_n.jpg 1920w, https:\/\/www.tradballs.pt\/wp-content\/uploads\/2024\/02\/314388922_2112387695613901_6916026155921617382_n-640x427.jpg 640w, https:\/\/www.tradballs.pt\/wp-content\/uploads\/2024\/02\/314388922_2112387695613901_6916026155921617382_n-1280x855.jpg 1280w, https:\/\/www.tradballs.pt\/wp-content\/uploads\/2024\/02\/314388922_2112387695613901_6916026155921617382_n-480x321.jpg 480w, https:\/\/www.tradballs.pt\/wp-content\/uploads\/2024\/02\/314388922_2112387695613901_6916026155921617382_n-768x513.jpg 768w, https:\/\/www.tradballs.pt\/wp-content\/uploads\/2024\/02\/314388922_2112387695613901_6916026155921617382_n-1536x1026.jpg 1536w\" sizes=\"(max-width: 1920px) 100vw, 1920px\" \/><span aria-hidden=\"true\" class=\"wp-block-cover__background has-background-dim\"><\/span><div class=\"wp-block-cover__inner-container is-layout-flow wp-block-cover-is-layout-flow\">\n<h2 class=\"wp-block-heading has-text-align-center has-palette-5-color has-text-color has-link-color wp-elements-0aeceb901ca40b519a3bbfde06a5281e\" style=\"font-size:70px\"><strong><a href=\"https:\/\/www.tradballs.pt\/pt\/fest-i-ball\/\" data-type=\"page\" data-id=\"2120\">Fest-i-ball<\/a><\/strong><\/h2>\n<\/div><\/div>\n\n\n\n<div style=\"height:49px\" aria-hidden=\"true\" class=\"wp-block-spacer\"><\/div>\n\n\n\n<div class=\"wp-block-group\"><div class=\"wp-block-group__inner-container is-layout-constrained wp-block-group-is-layout-constrained\">\n<p>Festival bianual que se realiza, desde 2005, em mar\u00e7o e em outubro, no <strong>Teatro da Luz<\/strong>, em <strong>Lisboa<\/strong>. A programa\u00e7\u00e3o vai de sexta a domingo \u00e0 noite e o festival caracteriza-se por um ambiente familiar e acolhedor.&nbsp;<\/p>\n\n\n\n<p>A programa\u00e7\u00e3o do festival \u00e9 pensada de forma a abranger v\u00e1rios n\u00edveis de aprendizagem, de dificuldade e de interesse, contando com <strong>workshops de dan\u00e7a para bailadores iniciados, interm\u00e9dios e avan\u00e7ados<\/strong>; e com <strong>workshops\/ atividades dedicadas a crian\u00e7as e fam\u00edlias<\/strong>. Em simult\u00e2neo realizam-se <strong>workshops de <em>m\u00fasica ensemble<\/em><\/strong><em>, <\/em>estruturados de modo a abranger <strong>diversos instrumentos musicais e v\u00e1rios n\u00edveis de aprendizagem<\/strong>; orientados por um m\u00fasico\/professor membro do grupo que consta na programa\u00e7\u00e3o. Durante o workshop \u00e9 ensinada uma m\u00fasica espec\u00edfica e \u00e0 noite, no baile, todos os participantes no workshop s\u00e3o convidados a tocar, em palco com o grupo, enquanto na plateia se dan\u00e7a.<\/p>\n<\/div><\/div>\n\n\n\n<div style=\"height:100px\" aria-hidden=\"true\" class=\"wp-block-spacer\"><\/div>\n\n\n\n<div class=\"wp-block-cover alignfull\"><img decoding=\"async\" width=\"1920\" height=\"1282\" class=\"wp-block-cover__image-background wp-image-1760\" alt=\"\" src=\"https:\/\/www.tradballs.pt\/wp-content\/uploads\/2025\/03\/Tradballs-RAIZdALDEIA_JaneiroCima_2.jpg\" data-object-fit=\"cover\" srcset=\"https:\/\/www.tradballs.pt\/wp-content\/uploads\/2025\/03\/Tradballs-RAIZdALDEIA_JaneiroCima_2.jpg 1920w, https:\/\/www.tradballs.pt\/wp-content\/uploads\/2025\/03\/Tradballs-RAIZdALDEIA_JaneiroCima_2-640x427.jpg 640w, https:\/\/www.tradballs.pt\/wp-content\/uploads\/2025\/03\/Tradballs-RAIZdALDEIA_JaneiroCima_2-1280x855.jpg 1280w, https:\/\/www.tradballs.pt\/wp-content\/uploads\/2025\/03\/Tradballs-RAIZdALDEIA_JaneiroCima_2-480x321.jpg 480w, https:\/\/www.tradballs.pt\/wp-content\/uploads\/2025\/03\/Tradballs-RAIZdALDEIA_JaneiroCima_2-768x513.jpg 768w, https:\/\/www.tradballs.pt\/wp-content\/uploads\/2025\/03\/Tradballs-RAIZdALDEIA_JaneiroCima_2-1536x1026.jpg 1536w\" sizes=\"(max-width: 1920px) 100vw, 1920px\" \/><span aria-hidden=\"true\" class=\"wp-block-cover__background has-background-dim\" style=\"background-color:#2c2230\"><\/span><div class=\"wp-block-cover__inner-container is-layout-flow wp-block-cover-is-layout-flow\">\n<h2 class=\"wp-block-heading has-text-align-center has-large-font-size\"><\/h2>\n\n\n\n<h2 class=\"wp-block-heading has-text-align-center has-palette-5-color has-text-color has-link-color wp-elements-63fcacd0526147f40c317ed0912496be\" style=\"font-size:70px\"><strong><a href=\"https:\/\/www.tradballs.pt\/pt\/raiz-daldeia\/\" data-type=\"page\" data-id=\"1896\">RAIZ d&#8217;ALDEIA<\/a><\/strong><\/h2>\n<\/div><\/div>\n\n\n\n<div style=\"height:49px\" aria-hidden=\"true\" class=\"wp-block-spacer\"><\/div>\n\n\n\n<div class=\"wp-block-group\"><div class=\"wp-block-group__inner-container is-layout-constrained wp-block-group-is-layout-constrained\">\n<p>Festival anual que se realiza em Junho, em Janeiro de Cima (Fund\u00e3o) desde 2011, com programa\u00e7\u00e3o de quinta \u00e0 noite a domingo \u00e0 tarde, com ambiente familiar e acolhedor, destinado a todas a idades.<\/p>\n\n\n\n<p>\u00c9 baseado no conceito \u201cde dia aprende-se, \u00e0 noite baila-se\u201d. Segue um modelo de workshops de dan\u00e7a e de outras actividades ao longo do dia e de concertos\/ bailes \u00e0 noite, os quais s\u00e3o pensados de forma a p\u00f4r em pr\u00e1tica os conhecimentos adquiridos nos workshops.<\/p>\n\n\n\n<p>O Ra\u00edz d\u2019Aldeia \u00e9 um projecto de divulga\u00e7\u00e3o e de dinamiza\u00e7\u00e3o de espa\u00e7os de interesse hist\u00f3rico, cultural e natural com actividades de anima\u00e7\u00e3o de raiz tradicional europeia, integrando valores e patrim\u00f3nio material e imaterial, capazes de gerar visibilidade e din\u00e2micas nas comunidades locais. Uma das preocupa\u00e7\u00f5es essenciais do Ra\u00edz d\u00b4Aldeia \u00e9, claramente, potenciar as sinergias locais.<\/p>\n<\/div><\/div>\n\n\n\n<div style=\"height:100px\" aria-hidden=\"true\" class=\"wp-block-spacer\"><\/div>\n\n\n\n<div class=\"wp-block-cover alignfull is-light\"><img decoding=\"async\" width=\"1920\" height=\"1062\" class=\"wp-block-cover__image-background wp-image-1084\" alt=\"\" src=\"https:\/\/www.tradballs.pt\/wp-content\/uploads\/2024\/02\/420046864_767098072112631_6496122551481682624_n.jpg\" data-object-fit=\"cover\" srcset=\"https:\/\/www.tradballs.pt\/wp-content\/uploads\/2024\/02\/420046864_767098072112631_6496122551481682624_n.jpg 1920w, https:\/\/www.tradballs.pt\/wp-content\/uploads\/2024\/02\/420046864_767098072112631_6496122551481682624_n-640x354.jpg 640w, https:\/\/www.tradballs.pt\/wp-content\/uploads\/2024\/02\/420046864_767098072112631_6496122551481682624_n-1280x708.jpg 1280w, https:\/\/www.tradballs.pt\/wp-content\/uploads\/2024\/02\/420046864_767098072112631_6496122551481682624_n-480x266.jpg 480w, https:\/\/www.tradballs.pt\/wp-content\/uploads\/2024\/02\/420046864_767098072112631_6496122551481682624_n-768x425.jpg 768w, https:\/\/www.tradballs.pt\/wp-content\/uploads\/2024\/02\/420046864_767098072112631_6496122551481682624_n-1536x850.jpg 1536w\" sizes=\"(max-width: 1920px) 100vw, 1920px\" \/><span aria-hidden=\"true\" class=\"wp-block-cover__background has-background-dim\"><\/span><div class=\"wp-block-cover__inner-container is-layout-flow wp-block-cover-is-layout-flow\">\n<h2 class=\"wp-block-heading has-text-align-center has-palette-5-color has-text-color has-link-color wp-elements-c8c498f4db66a64b68f0b0345b6c9f3e\" style=\"font-size:70px\"><strong><a href=\"https:\/\/www.tradballs.pt\/pt\/passagem-dano\/\" data-type=\"page\" data-id=\"944\">PASSAGEM d&#8217;ANO\u00a0<\/a><\/strong><\/h2>\n<\/div><\/div>\n\n\n\n<div style=\"height:49px\" aria-hidden=\"true\" class=\"wp-block-spacer\"><\/div>\n\n\n\n<div class=\"wp-block-group\"><div class=\"wp-block-group__inner-container is-layout-constrained wp-block-group-is-layout-constrained\">\n<p>Festival anual que se realiza em Dezembro, em Coimbra, com programa\u00e7\u00e3o de tr\u00eas ou quarto dias, com ambiente familiar e acolhedor, destinado a todas a idades. Habitualmente realiza-se no Centro Norton de Matos.<\/p>\n\n\n\n<p>A programa\u00e7\u00e3o do festival \u00e9 pensada de forma a abranger v\u00e1rios n\u00edveis de aprendizagem, de dificuldade e de interesse, contando com workshops de dan\u00e7a para bailadores iniciados, interm\u00e9dios e avan\u00e7ados. Em simult\u00e2neo realizam-se workshops de m\u00fasica ensemble, estruturados de modo a abranger diversos instrumentos musicais e v\u00e1rios n\u00edveis de aprendizagem.<\/p>\n<\/div><\/div>\n\n\n\n<div style=\"height:100px\" aria-hidden=\"true\" class=\"wp-block-spacer\"><\/div>\n\n\n\n<figure class=\"wp-block-gallery alignfull has-nested-images columns-4 is-cropped has-no-gaps wp-block-gallery-1 is-layout-flex wp-block-gallery-is-layout-flex\">\n<figure class=\"wp-block-image size-large\"><img loading=\"lazy\" decoding=\"async\" width=\"1280\" height=\"855\" data-id=\"1071\" src=\"https:\/\/www.tradballs.pt\/wp-content\/uploads\/2024\/02\/314410982_2112387158947288_5965539355259064543_n-1280x855.jpg\" alt=\"\" class=\"wp-image-1071\" srcset=\"https:\/\/www.tradballs.pt\/wp-content\/uploads\/2024\/02\/314410982_2112387158947288_5965539355259064543_n-1280x855.jpg 1280w, https:\/\/www.tradballs.pt\/wp-content\/uploads\/2024\/02\/314410982_2112387158947288_5965539355259064543_n-640x427.jpg 640w, https:\/\/www.tradballs.pt\/wp-content\/uploads\/2024\/02\/314410982_2112387158947288_5965539355259064543_n-480x321.jpg 480w, https:\/\/www.tradballs.pt\/wp-content\/uploads\/2024\/02\/314410982_2112387158947288_5965539355259064543_n-768x513.jpg 768w, https:\/\/www.tradballs.pt\/wp-content\/uploads\/2024\/02\/314410982_2112387158947288_5965539355259064543_n-1536x1026.jpg 1536w, https:\/\/www.tradballs.pt\/wp-content\/uploads\/2024\/02\/314410982_2112387158947288_5965539355259064543_n.jpg 1920w\" sizes=\"(max-width: 1280px) 100vw, 1280px\" \/><\/figure>\n\n\n\n<figure class=\"wp-block-image size-large\"><img loading=\"lazy\" decoding=\"async\" width=\"1280\" height=\"855\" data-id=\"1070\" src=\"https:\/\/www.tradballs.pt\/wp-content\/uploads\/2024\/02\/314412256_2112386995613971_5575436162722255312_n-1280x855.jpg\" alt=\"\" class=\"wp-image-1070\" srcset=\"https:\/\/www.tradballs.pt\/wp-content\/uploads\/2024\/02\/314412256_2112386995613971_5575436162722255312_n-1280x855.jpg 1280w, https:\/\/www.tradballs.pt\/wp-content\/uploads\/2024\/02\/314412256_2112386995613971_5575436162722255312_n-640x427.jpg 640w, https:\/\/www.tradballs.pt\/wp-content\/uploads\/2024\/02\/314412256_2112386995613971_5575436162722255312_n-480x321.jpg 480w, https:\/\/www.tradballs.pt\/wp-content\/uploads\/2024\/02\/314412256_2112386995613971_5575436162722255312_n-768x513.jpg 768w, https:\/\/www.tradballs.pt\/wp-content\/uploads\/2024\/02\/314412256_2112386995613971_5575436162722255312_n-1536x1026.jpg 1536w, https:\/\/www.tradballs.pt\/wp-content\/uploads\/2024\/02\/314412256_2112386995613971_5575436162722255312_n.jpg 1920w\" sizes=\"(max-width: 1280px) 100vw, 1280px\" \/><\/figure>\n\n\n\n<figure class=\"wp-block-image size-large\"><img loading=\"lazy\" decoding=\"async\" width=\"1280\" height=\"855\" data-id=\"1069\" src=\"https:\/\/www.tradballs.pt\/wp-content\/uploads\/2024\/02\/312565188_2112894665563204_7549621607156750181_n-1280x855.jpg\" alt=\"\" class=\"wp-image-1069\" srcset=\"https:\/\/www.tradballs.pt\/wp-content\/uploads\/2024\/02\/312565188_2112894665563204_7549621607156750181_n-1280x855.jpg 1280w, https:\/\/www.tradballs.pt\/wp-content\/uploads\/2024\/02\/312565188_2112894665563204_7549621607156750181_n-640x427.jpg 640w, https:\/\/www.tradballs.pt\/wp-content\/uploads\/2024\/02\/312565188_2112894665563204_7549621607156750181_n-480x321.jpg 480w, https:\/\/www.tradballs.pt\/wp-content\/uploads\/2024\/02\/312565188_2112894665563204_7549621607156750181_n-768x513.jpg 768w, https:\/\/www.tradballs.pt\/wp-content\/uploads\/2024\/02\/312565188_2112894665563204_7549621607156750181_n-1536x1026.jpg 1536w, https:\/\/www.tradballs.pt\/wp-content\/uploads\/2024\/02\/312565188_2112894665563204_7549621607156750181_n.jpg 1920w\" sizes=\"(max-width: 1280px) 100vw, 1280px\" \/><\/figure>\n<\/figure>\n","protected":false},"excerpt":{"rendered":"<div class=\"entry-summary\">\nEventos Culturais Festivais baseados no conceito \u201cde dia aprende-se, \u00e0 noite baila-se\u201d, popularizado por festivais nacionais e internacionais com a mesma tem\u00e1tica e din\u00e2mica, e tem como objetivo canalizar o p\u00fablico, j\u00e1 de si interessado em cultura tradicional, para outras&hellip;\n<\/div>\n<div class=\"link-more-container\"><a href=\"https:\/\/www.tradballs.pt\/pt\/festivais\/\" class=\"link-more\" aria-label=\"Continue reading Festivais\">Continue reading&hellip;<\/a><\/div>\n","protected":false},"author":1,"featured_media":0,"parent":0,"menu_order":20,"comment_status":"closed","ping_status":"closed","template":"","meta":{"_coblocks_attr":"","_coblocks_dimensions":"","_coblocks_responsive_height":"","_coblocks_accordion_ie_support":"","footnotes":""},"class_list":["post-744","page","type-page","status-publish","hentry","entry","entry-type-page"],"_links":{"self":[{"href":"https:\/\/www.tradballs.pt\/pt\/wp-json\/wp\/v2\/pages\/744","targetHints":{"allow":["GET"]}}],"collection":[{"href":"https:\/\/www.tradballs.pt\/pt\/wp-json\/wp\/v2\/pages"}],"about":[{"href":"https:\/\/www.tradballs.pt\/pt\/wp-json\/wp\/v2\/types\/page"}],"author":[{"embeddable":true,"href":"https:\/\/www.tradballs.pt\/pt\/wp-json\/wp\/v2\/users\/1"}],"replies":[{"embeddable":true,"href":"https:\/\/www.tradballs.pt\/pt\/wp-json\/wp\/v2\/comments?post=744"}],"version-history":[{"count":12,"href":"https:\/\/www.tradballs.pt\/pt\/wp-json\/wp\/v2\/pages\/744\/revisions"}],"predecessor-version":[{"id":2281,"href":"https:\/\/www.tradballs.pt\/pt\/wp-json\/wp\/v2\/pages\/744\/revisions\/2281"}],"wp:attachment":[{"href":"https:\/\/www.tradballs.pt\/pt\/wp-json\/wp\/v2\/media?parent=744"}],"curies":[{"name":"wp","href":"https:\/\/api.w.org\/{rel}","templated":true}]}}