{"id":743,"date":"2020-09-05T00:38:27","date_gmt":"2020-09-05T00:38:27","guid":{"rendered":"http:\/\/www.tradballs.pt\/?page_id=743"},"modified":"2024-02-27T13:37:22","modified_gmt":"2024-02-27T13:37:22","slug":"bailes","status":"publish","type":"page","link":"https:\/\/www.tradballs.pt\/pt\/bailes\/","title":{"rendered":"Bailes"},"content":{"rendered":"\n<div class=\"wp-block-cover alignfull is-light has-parallax is-style-top-wave coblocks-animate\" style=\"min-height:75vh;aspect-ratio:unset;\" data-coblocks-animation=\"slideInBottom\"><span aria-hidden=\"true\" class=\"wp-block-cover__background has-palette-1-background-color has-background-dim-0 has-background-dim\"><\/span><div role=\"img\" class=\"wp-block-cover__image-background wp-image-1173 has-parallax\" style=\"background-position:50% 46%;background-image:url(https:\/\/www.tradballs.pt\/wp-content\/uploads\/2024\/02\/Tradballs_ima_BallTrad_FINAL.jpg)\"><\/div><div class=\"wp-block-cover__inner-container is-layout-flow wp-block-cover-is-layout-flow\">\n<p class=\"has-text-align-center has-large-font-size\"><\/p>\n<\/div><\/div>\n\n\n\n<div style=\"height:90px\" aria-hidden=\"true\" class=\"wp-block-spacer\"><\/div>\n\n\n\n<div class=\"wp-block-group\"><div class=\"wp-block-group__inner-container is-layout-constrained wp-block-group-is-layout-constrained\">\n<h2 class=\"wp-block-heading has-huge-font-size\"><strong>BALL-TRAD<\/strong><\/h2>\n\n\n\n<h3 class=\"wp-block-heading\">Baile Tradicional de Dan\u00e7as Europeias<\/h3>\n\n\n\n<p>A fus\u00e3o entre a m\u00fasica e a dan\u00e7a d\u00e1 origem ao Baile Tradicional. A presen\u00e7a de m\u00fasicos ao vivo proporciona uma viagem por v\u00e1rios pa\u00edses e culturas, recriando as viv\u00eancias antigas atrav\u00e9s da sua m\u00fasica e da magia das dan\u00e7as tracionais.&nbsp;<\/p>\n\n\n\n<p>Nos BALL-Trad os m\u00fasicos tocam as suas pr\u00f3prias composi\u00e7\u00f5es e \/ ou adapta\u00e7\u00f5es de melodias tradicionais e todos podem dan\u00e7ar essas m\u00fasicas, pois o p\u00fablico est\u00e1 na pista de dan\u00e7a e n\u00e3o apenas a assistir. S\u00e3o dan\u00e7as em roda, em linha, a par ou em grupo onde todos podem e devem dan\u00e7ar. Poder\u00e3o, tamb\u00e9m, contar com a participa\u00e7\u00e3o de um Monitor de Dan\u00e7a de forma a ensinar as coreografias tradicionais e a dinamizar o baile<\/p>\n\n\n\n<p>Os BALL-Trad realizam-se em v\u00e1rios locais da cidade de Lisboa e, tamb\u00e9m, em diversos pontos do pa\u00eds, mas sendo a grande maioria realizados no Teatro da Luz &#8211; em Carnide \u2013 e no Teatro Ib\u00e9rico, em Xabregas.&nbsp;<\/p>\n<\/div><\/div>\n\n\n\n<div style=\"height:120px\" aria-hidden=\"true\" class=\"wp-block-spacer\"><\/div>\n\n\n\n<figure class=\"wp-block-gallery alignfull has-nested-images columns-3 is-cropped has-no-gaps wp-block-gallery-1 is-layout-flex wp-block-gallery-is-layout-flex\">\n<figure class=\"wp-block-image size-large\"><img fetchpriority=\"high\" decoding=\"async\" width=\"1280\" height=\"855\" data-id=\"1184\" src=\"https:\/\/www.tradballs.pt\/wp-content\/uploads\/2024\/02\/347256979_120394761056901_5301005754284354414_n-1280x855.jpg\" alt=\"\" class=\"wp-image-1184\" srcset=\"https:\/\/www.tradballs.pt\/wp-content\/uploads\/2024\/02\/347256979_120394761056901_5301005754284354414_n-1280x855.jpg 1280w, https:\/\/www.tradballs.pt\/wp-content\/uploads\/2024\/02\/347256979_120394761056901_5301005754284354414_n-640x427.jpg 640w, https:\/\/www.tradballs.pt\/wp-content\/uploads\/2024\/02\/347256979_120394761056901_5301005754284354414_n-480x321.jpg 480w, https:\/\/www.tradballs.pt\/wp-content\/uploads\/2024\/02\/347256979_120394761056901_5301005754284354414_n-768x513.jpg 768w, https:\/\/www.tradballs.pt\/wp-content\/uploads\/2024\/02\/347256979_120394761056901_5301005754284354414_n-1536x1026.jpg 1536w, https:\/\/www.tradballs.pt\/wp-content\/uploads\/2024\/02\/347256979_120394761056901_5301005754284354414_n.jpg 1920w\" sizes=\"(max-width: 1280px) 100vw, 1280px\" \/><\/figure>\n\n\n\n<figure class=\"wp-block-image size-large\"><img decoding=\"async\" width=\"1280\" height=\"855\" data-id=\"1179\" src=\"https:\/\/www.tradballs.pt\/wp-content\/uploads\/2024\/02\/347275454_825763748975497_522044738789197097_n-1280x855.jpg\" alt=\"\" class=\"wp-image-1179\" srcset=\"https:\/\/www.tradballs.pt\/wp-content\/uploads\/2024\/02\/347275454_825763748975497_522044738789197097_n-1280x855.jpg 1280w, https:\/\/www.tradballs.pt\/wp-content\/uploads\/2024\/02\/347275454_825763748975497_522044738789197097_n-640x427.jpg 640w, https:\/\/www.tradballs.pt\/wp-content\/uploads\/2024\/02\/347275454_825763748975497_522044738789197097_n-480x321.jpg 480w, https:\/\/www.tradballs.pt\/wp-content\/uploads\/2024\/02\/347275454_825763748975497_522044738789197097_n-768x513.jpg 768w, https:\/\/www.tradballs.pt\/wp-content\/uploads\/2024\/02\/347275454_825763748975497_522044738789197097_n-1536x1026.jpg 1536w, https:\/\/www.tradballs.pt\/wp-content\/uploads\/2024\/02\/347275454_825763748975497_522044738789197097_n.jpg 1920w\" sizes=\"(max-width: 1280px) 100vw, 1280px\" \/><\/figure>\n\n\n\n<figure class=\"wp-block-image size-large\"><img decoding=\"async\" width=\"1280\" height=\"855\" data-id=\"1183\" src=\"https:\/\/www.tradballs.pt\/wp-content\/uploads\/2024\/02\/347228156_987181138940186_1824249766140032462_n-1280x855.jpg\" alt=\"\" class=\"wp-image-1183\" srcset=\"https:\/\/www.tradballs.pt\/wp-content\/uploads\/2024\/02\/347228156_987181138940186_1824249766140032462_n-1280x855.jpg 1280w, https:\/\/www.tradballs.pt\/wp-content\/uploads\/2024\/02\/347228156_987181138940186_1824249766140032462_n-640x427.jpg 640w, https:\/\/www.tradballs.pt\/wp-content\/uploads\/2024\/02\/347228156_987181138940186_1824249766140032462_n-480x321.jpg 480w, https:\/\/www.tradballs.pt\/wp-content\/uploads\/2024\/02\/347228156_987181138940186_1824249766140032462_n-768x513.jpg 768w, https:\/\/www.tradballs.pt\/wp-content\/uploads\/2024\/02\/347228156_987181138940186_1824249766140032462_n-1536x1026.jpg 1536w, https:\/\/www.tradballs.pt\/wp-content\/uploads\/2024\/02\/347228156_987181138940186_1824249766140032462_n.jpg 1920w\" sizes=\"(max-width: 1280px) 100vw, 1280px\" \/><\/figure>\n\n\n\n<figure class=\"wp-block-image size-large\"><img loading=\"lazy\" decoding=\"async\" width=\"1280\" height=\"855\" data-id=\"1180\" src=\"https:\/\/www.tradballs.pt\/wp-content\/uploads\/2024\/02\/347583197_1405507243605316_4654555845689883773_n-1280x855.jpg\" alt=\"\" class=\"wp-image-1180\" srcset=\"https:\/\/www.tradballs.pt\/wp-content\/uploads\/2024\/02\/347583197_1405507243605316_4654555845689883773_n-1280x855.jpg 1280w, https:\/\/www.tradballs.pt\/wp-content\/uploads\/2024\/02\/347583197_1405507243605316_4654555845689883773_n-640x427.jpg 640w, https:\/\/www.tradballs.pt\/wp-content\/uploads\/2024\/02\/347583197_1405507243605316_4654555845689883773_n-480x321.jpg 480w, https:\/\/www.tradballs.pt\/wp-content\/uploads\/2024\/02\/347583197_1405507243605316_4654555845689883773_n-768x513.jpg 768w, https:\/\/www.tradballs.pt\/wp-content\/uploads\/2024\/02\/347583197_1405507243605316_4654555845689883773_n-1536x1026.jpg 1536w, https:\/\/www.tradballs.pt\/wp-content\/uploads\/2024\/02\/347583197_1405507243605316_4654555845689883773_n.jpg 1920w\" sizes=\"(max-width: 1280px) 100vw, 1280px\" \/><\/figure>\n\n\n\n<figure class=\"wp-block-image size-large\"><img loading=\"lazy\" decoding=\"async\" width=\"1280\" height=\"855\" data-id=\"1181\" src=\"https:\/\/www.tradballs.pt\/wp-content\/uploads\/2024\/02\/347410515_132410686469736_7214691599012101506_n-1-1280x855.jpg\" alt=\"\" class=\"wp-image-1181\" srcset=\"https:\/\/www.tradballs.pt\/wp-content\/uploads\/2024\/02\/347410515_132410686469736_7214691599012101506_n-1-1280x855.jpg 1280w, https:\/\/www.tradballs.pt\/wp-content\/uploads\/2024\/02\/347410515_132410686469736_7214691599012101506_n-1-640x427.jpg 640w, https:\/\/www.tradballs.pt\/wp-content\/uploads\/2024\/02\/347410515_132410686469736_7214691599012101506_n-1-480x321.jpg 480w, https:\/\/www.tradballs.pt\/wp-content\/uploads\/2024\/02\/347410515_132410686469736_7214691599012101506_n-1-768x513.jpg 768w, https:\/\/www.tradballs.pt\/wp-content\/uploads\/2024\/02\/347410515_132410686469736_7214691599012101506_n-1-1536x1026.jpg 1536w, https:\/\/www.tradballs.pt\/wp-content\/uploads\/2024\/02\/347410515_132410686469736_7214691599012101506_n-1.jpg 1920w\" sizes=\"(max-width: 1280px) 100vw, 1280px\" \/><\/figure>\n<\/figure>\n","protected":false},"excerpt":{"rendered":"<div class=\"entry-summary\">\nBALL-TRAD Baile Tradicional de Dan\u00e7as Europeias A fus\u00e3o entre a m\u00fasica e a dan\u00e7a d\u00e1 origem ao Baile Tradicional. A presen\u00e7a de m\u00fasicos ao vivo proporciona uma viagem por v\u00e1rios pa\u00edses e culturas, recriando as viv\u00eancias antigas atrav\u00e9s da sua&hellip;\n<\/div>\n<div class=\"link-more-container\"><a href=\"https:\/\/www.tradballs.pt\/pt\/bailes\/\" class=\"link-more\" aria-label=\"Continue reading Bailes\">Continue reading&hellip;<\/a><\/div>\n","protected":false},"author":1,"featured_media":0,"parent":0,"menu_order":18,"comment_status":"closed","ping_status":"closed","template":"","meta":{"_coblocks_attr":"","_coblocks_dimensions":"","_coblocks_responsive_height":"","_coblocks_accordion_ie_support":"","footnotes":""},"class_list":["post-743","page","type-page","status-publish","hentry","entry","entry-type-page"],"_links":{"self":[{"href":"https:\/\/www.tradballs.pt\/pt\/wp-json\/wp\/v2\/pages\/743","targetHints":{"allow":["GET"]}}],"collection":[{"href":"https:\/\/www.tradballs.pt\/pt\/wp-json\/wp\/v2\/pages"}],"about":[{"href":"https:\/\/www.tradballs.pt\/pt\/wp-json\/wp\/v2\/types\/page"}],"author":[{"embeddable":true,"href":"https:\/\/www.tradballs.pt\/pt\/wp-json\/wp\/v2\/users\/1"}],"replies":[{"embeddable":true,"href":"https:\/\/www.tradballs.pt\/pt\/wp-json\/wp\/v2\/comments?post=743"}],"version-history":[{"count":11,"href":"https:\/\/www.tradballs.pt\/pt\/wp-json\/wp\/v2\/pages\/743\/revisions"}],"predecessor-version":[{"id":1319,"href":"https:\/\/www.tradballs.pt\/pt\/wp-json\/wp\/v2\/pages\/743\/revisions\/1319"}],"wp:attachment":[{"href":"https:\/\/www.tradballs.pt\/pt\/wp-json\/wp\/v2\/media?parent=743"}],"curies":[{"name":"wp","href":"https:\/\/api.w.org\/{rel}","templated":true}]}}