{"id":742,"date":"2020-09-05T00:38:27","date_gmt":"2020-09-05T00:38:27","guid":{"rendered":"http:\/\/www.tradballs.pt\/?page_id=742"},"modified":"2024-10-04T00:11:14","modified_gmt":"2024-10-04T00:11:14","slug":"tertulias","status":"publish","type":"page","link":"https:\/\/www.tradballs.pt\/pt\/tertulias\/","title":{"rendered":"Tert\u00falias"},"content":{"rendered":"<div class=\"alignwide-wrap\" data-block=\"image\">\n<figure class=\"wp-block-image alignwide size-full coblocks-animate\" data-coblocks-animation=\"slideInBottom\"><img fetchpriority=\"high\" decoding=\"async\" width=\"1067\" height=\"557\" src=\"https:\/\/www.tradballs.pt\/wp-content\/uploads\/2024\/02\/275270058_1922865677899438_6285522790452427241_n.jpg\" alt=\"\" class=\"wp-image-1104\" srcset=\"https:\/\/www.tradballs.pt\/wp-content\/uploads\/2024\/02\/275270058_1922865677899438_6285522790452427241_n.jpg 1067w, https:\/\/www.tradballs.pt\/wp-content\/uploads\/2024\/02\/275270058_1922865677899438_6285522790452427241_n-640x334.jpg 640w, https:\/\/www.tradballs.pt\/wp-content\/uploads\/2024\/02\/275270058_1922865677899438_6285522790452427241_n-480x251.jpg 480w, https:\/\/www.tradballs.pt\/wp-content\/uploads\/2024\/02\/275270058_1922865677899438_6285522790452427241_n-768x401.jpg 768w\" sizes=\"(max-width: 1067px) 100vw, 1067px\" \/><\/figure>\n<\/div>\n\n\n<div class=\"wp-block-group\"><div class=\"wp-block-group__inner-container is-layout-constrained wp-block-group-is-layout-constrained\">\n<h2 class=\"wp-block-heading\"><strong>Tert\u00falia Trad<\/strong>   |   Encontros para Pr\u00e1tica de Dan\u00e7a<\/h2>\n\n\n\n<p>Encontros semanais de m\u00fasica e dan\u00e7a tradicionais: <strong>duas quartas-feiras por m\u00eas, na F\u00e1brica Bra\u00e7o de Prata, em Lisboa<\/strong>. Na Tert\u00falia Trad \u00e9 poss\u00edvel aprender uma dan\u00e7a nova ou uma ouvir uma m\u00fasica antiga, participar num baile com um duo ou assistir a um concerto. Dan\u00e7ar numa jam-session ou ao som de um DJ Folk.&nbsp;<\/p>\n\n\n\n<p><strong><span class=\"uppercase\">Quando? <\/span><\/strong><br>Quartas, 2 vezes por m\u00eas, 22h00<br>09 e 23 Outubro, 13 e 20 Novembro, 04 e 18 Dezembro 2024<br><br><span class=\"uppercase\"><strong>Quanto?<\/strong><\/span> <br>4 balls com\u00a01 Djay<br>6 balls com\u00a0+1 Djay<br>10 balls com\u00a0Ball-Trad \u00a0<\/p>\n\n\n\n<p><span class=\"uppercase\"><strong>Onde? <\/strong><\/span><br>F\u00c1BRICA BRA\u00c7O DE PRATA<br>Rua da F\u00e1brica do Material de Guerra, n.\u00ba1<br>Po\u00e7o do Bispo, Lisboa<br><\/p>\n\n\n\n<div style=\"height:75px\" aria-hidden=\"true\" class=\"wp-block-spacer\"><\/div>\n<\/div><\/div>\n\n\n\n<figure class=\"wp-block-gallery alignfull has-nested-images columns-4 is-cropped has-no-gaps wp-block-gallery-1 is-layout-flex wp-block-gallery-is-layout-flex\">\n<figure class=\"wp-block-image size-large\"><img decoding=\"async\" width=\"1280\" height=\"1707\" data-id=\"1109\" src=\"https:\/\/www.tradballs.pt\/wp-content\/uploads\/2024\/02\/428225008_10227491190118864_1156875829466718028_n-2-1280x1707.jpg\" alt=\"\" class=\"wp-image-1109\" srcset=\"https:\/\/www.tradballs.pt\/wp-content\/uploads\/2024\/02\/428225008_10227491190118864_1156875829466718028_n-2-1280x1707.jpg 1280w, https:\/\/www.tradballs.pt\/wp-content\/uploads\/2024\/02\/428225008_10227491190118864_1156875829466718028_n-2-640x853.jpg 640w, https:\/\/www.tradballs.pt\/wp-content\/uploads\/2024\/02\/428225008_10227491190118864_1156875829466718028_n-2-480x640.jpg 480w, https:\/\/www.tradballs.pt\/wp-content\/uploads\/2024\/02\/428225008_10227491190118864_1156875829466718028_n-2-768x1024.jpg 768w, https:\/\/www.tradballs.pt\/wp-content\/uploads\/2024\/02\/428225008_10227491190118864_1156875829466718028_n-2-1152x1536.jpg 1152w, https:\/\/www.tradballs.pt\/wp-content\/uploads\/2024\/02\/428225008_10227491190118864_1156875829466718028_n-2.jpg 1536w\" sizes=\"(max-width: 1280px) 100vw, 1280px\" \/><\/figure>\n\n\n\n<figure class=\"wp-block-image size-large\"><img decoding=\"async\" width=\"1280\" height=\"1707\" data-id=\"1106\" src=\"https:\/\/www.tradballs.pt\/wp-content\/uploads\/2024\/02\/426433757_10227491190478873_5330576254557351042_n-1280x1707.jpg\" alt=\"\" class=\"wp-image-1106\" srcset=\"https:\/\/www.tradballs.pt\/wp-content\/uploads\/2024\/02\/426433757_10227491190478873_5330576254557351042_n-1280x1707.jpg 1280w, https:\/\/www.tradballs.pt\/wp-content\/uploads\/2024\/02\/426433757_10227491190478873_5330576254557351042_n-640x853.jpg 640w, https:\/\/www.tradballs.pt\/wp-content\/uploads\/2024\/02\/426433757_10227491190478873_5330576254557351042_n-480x640.jpg 480w, https:\/\/www.tradballs.pt\/wp-content\/uploads\/2024\/02\/426433757_10227491190478873_5330576254557351042_n-768x1024.jpg 768w, https:\/\/www.tradballs.pt\/wp-content\/uploads\/2024\/02\/426433757_10227491190478873_5330576254557351042_n-1152x1536.jpg 1152w, https:\/\/www.tradballs.pt\/wp-content\/uploads\/2024\/02\/426433757_10227491190478873_5330576254557351042_n.jpg 1536w\" sizes=\"(max-width: 1280px) 100vw, 1280px\" \/><\/figure>\n\n\n\n<figure class=\"wp-block-image size-large\"><img loading=\"lazy\" decoding=\"async\" width=\"1280\" height=\"1707\" data-id=\"1107\" src=\"https:\/\/www.tradballs.pt\/wp-content\/uploads\/2024\/02\/426587158_10227491190358870_3529730376454481015_n-1280x1707.jpg\" alt=\"\" class=\"wp-image-1107\" srcset=\"https:\/\/www.tradballs.pt\/wp-content\/uploads\/2024\/02\/426587158_10227491190358870_3529730376454481015_n-1280x1707.jpg 1280w, https:\/\/www.tradballs.pt\/wp-content\/uploads\/2024\/02\/426587158_10227491190358870_3529730376454481015_n-640x853.jpg 640w, https:\/\/www.tradballs.pt\/wp-content\/uploads\/2024\/02\/426587158_10227491190358870_3529730376454481015_n-480x640.jpg 480w, https:\/\/www.tradballs.pt\/wp-content\/uploads\/2024\/02\/426587158_10227491190358870_3529730376454481015_n-768x1024.jpg 768w, https:\/\/www.tradballs.pt\/wp-content\/uploads\/2024\/02\/426587158_10227491190358870_3529730376454481015_n-1152x1536.jpg 1152w, https:\/\/www.tradballs.pt\/wp-content\/uploads\/2024\/02\/426587158_10227491190358870_3529730376454481015_n.jpg 1536w\" sizes=\"(max-width: 1280px) 100vw, 1280px\" \/><\/figure>\n\n\n\n<figure class=\"wp-block-image size-large has-filter-grayscale\"><img loading=\"lazy\" decoding=\"async\" width=\"1280\" height=\"960\" data-id=\"1110\" src=\"https:\/\/www.tradballs.pt\/wp-content\/uploads\/2024\/02\/408329670_742853661203739_5679012947465348174_n-1280x960.jpg\" alt=\"\" class=\"wp-image-1110\" srcset=\"https:\/\/www.tradballs.pt\/wp-content\/uploads\/2024\/02\/408329670_742853661203739_5679012947465348174_n-1280x960.jpg 1280w, https:\/\/www.tradballs.pt\/wp-content\/uploads\/2024\/02\/408329670_742853661203739_5679012947465348174_n-640x480.jpg 640w, https:\/\/www.tradballs.pt\/wp-content\/uploads\/2024\/02\/408329670_742853661203739_5679012947465348174_n-480x360.jpg 480w, https:\/\/www.tradballs.pt\/wp-content\/uploads\/2024\/02\/408329670_742853661203739_5679012947465348174_n-768x576.jpg 768w, https:\/\/www.tradballs.pt\/wp-content\/uploads\/2024\/02\/408329670_742853661203739_5679012947465348174_n-1536x1152.jpg 1536w, https:\/\/www.tradballs.pt\/wp-content\/uploads\/2024\/02\/408329670_742853661203739_5679012947465348174_n.jpg 2048w\" sizes=\"(max-width: 1280px) 100vw, 1280px\" \/><\/figure>\n<\/figure>\n","protected":false},"excerpt":{"rendered":"<div class=\"entry-summary\">\nTert\u00falia Trad | Encontros para Pr\u00e1tica de Dan\u00e7a Encontros semanais de m\u00fasica e dan\u00e7a tradicionais: duas quartas-feiras por m\u00eas, na F\u00e1brica Bra\u00e7o de Prata, em Lisboa. Na Tert\u00falia Trad \u00e9 poss\u00edvel aprender uma dan\u00e7a nova ou uma ouvir uma m\u00fasica&hellip;\n<\/div>\n<div class=\"link-more-container\"><a href=\"https:\/\/www.tradballs.pt\/pt\/tertulias\/\" class=\"link-more\" aria-label=\"Continue reading Tert\u00falias\">Continue reading&hellip;<\/a><\/div>\n","protected":false},"author":1,"featured_media":0,"parent":0,"menu_order":17,"comment_status":"closed","ping_status":"closed","template":"","meta":{"_coblocks_attr":"","_coblocks_dimensions":"","_coblocks_responsive_height":"","_coblocks_accordion_ie_support":"","footnotes":""},"class_list":["post-742","page","type-page","status-publish","hentry","entry","entry-type-page"],"_links":{"self":[{"href":"https:\/\/www.tradballs.pt\/pt\/wp-json\/wp\/v2\/pages\/742","targetHints":{"allow":["GET"]}}],"collection":[{"href":"https:\/\/www.tradballs.pt\/pt\/wp-json\/wp\/v2\/pages"}],"about":[{"href":"https:\/\/www.tradballs.pt\/pt\/wp-json\/wp\/v2\/types\/page"}],"author":[{"embeddable":true,"href":"https:\/\/www.tradballs.pt\/pt\/wp-json\/wp\/v2\/users\/1"}],"replies":[{"embeddable":true,"href":"https:\/\/www.tradballs.pt\/pt\/wp-json\/wp\/v2\/comments?post=742"}],"version-history":[{"count":14,"href":"https:\/\/www.tradballs.pt\/pt\/wp-json\/wp\/v2\/pages\/742\/revisions"}],"predecessor-version":[{"id":1525,"href":"https:\/\/www.tradballs.pt\/pt\/wp-json\/wp\/v2\/pages\/742\/revisions\/1525"}],"wp:attachment":[{"href":"https:\/\/www.tradballs.pt\/pt\/wp-json\/wp\/v2\/media?parent=742"}],"curies":[{"name":"wp","href":"https:\/\/api.w.org\/{rel}","templated":true}]}}