{"id":739,"date":"2020-09-05T00:38:27","date_gmt":"2020-09-05T00:38:27","guid":{"rendered":"http:\/\/www.tradballs.pt\/?page_id=739"},"modified":"2024-02-27T13:34:57","modified_gmt":"2024-02-27T13:34:57","slug":"musica-tradicional","status":"publish","type":"page","link":"https:\/\/www.tradballs.pt\/pt\/musica-tradicional\/","title":{"rendered":"M\u00fasica Tradicional"},"content":{"rendered":"\n<div class=\"wp-block-cover alignfull is-light has-parallax is-style-top-wave coblocks-animate\" style=\"min-height:70vh;aspect-ratio:unset;\" data-coblocks-animation=\"slideInBottom\"><span aria-hidden=\"true\" class=\"wp-block-cover__background has-palette-1-background-color has-background-dim-0 has-background-dim\"><\/span><div role=\"img\" class=\"wp-block-cover__image-background wp-image-1135 has-parallax\" style=\"background-position:14% 10%;background-image:url(https:\/\/www.tradballs.pt\/wp-content\/uploads\/2024\/02\/Tradballs_ima_BallToque_FINAL.jpg)\"><\/div><div class=\"wp-block-cover__inner-container is-layout-flow wp-block-cover-is-layout-flow\">\n<p class=\"has-text-align-center has-large-font-size\"><\/p>\n<\/div><\/div>\n\n\n\n<div style=\"height:90px\" aria-hidden=\"true\" class=\"wp-block-spacer\"><\/div>\n\n\n\n<div class=\"wp-block-group\"><div class=\"wp-block-group__inner-container is-layout-constrained wp-block-group-is-layout-constrained\">\n<h2 class=\"wp-block-heading has-huge-font-size\"><strong>BALL-Toques<\/strong><\/h2>\n\n\n\n<h3 class=\"wp-block-heading\">Aulas Regulares de M\u00fasica<\/h3>\n\n\n\n<p>Os BALL-Toques proporcionam a aprendizagem de instrumentos, nomeadamente de Concertina, e das t\u00e9cnicas a partir do repert\u00f3rio tradicional, tendo como objectivo a divulga\u00e7\u00e3o, recolha e recria\u00e7\u00e3o de m\u00fasica tradicional.<br><br>Nos BALL-Toques, \u00e9 poss\u00edvel aprender Concertina, Canto Tradicional e Adufe.<\/p>\n\n\n\n<p>Neste momento n\u00e3o existem actividades a decorrer. Mais novidades em breve!<\/p>\n<\/div><\/div>\n\n\n\n<div style=\"height:120px\" aria-hidden=\"true\" class=\"wp-block-spacer\"><\/div>\n\n\n\n<figure class=\"wp-block-gallery alignfull has-nested-images columns-4 is-cropped has-no-gaps wp-block-gallery-1 is-layout-flex wp-block-gallery-is-layout-flex\">\n<figure class=\"wp-block-image size-large has-filter-grayscale\"><img fetchpriority=\"high\" decoding=\"async\" width=\"960\" height=\"960\" data-id=\"1143\" src=\"https:\/\/www.tradballs.pt\/wp-content\/uploads\/2024\/02\/579364_206354276217262_932076864_n.jpg\" alt=\"\" class=\"wp-image-1143\" srcset=\"https:\/\/www.tradballs.pt\/wp-content\/uploads\/2024\/02\/579364_206354276217262_932076864_n.jpg 960w, https:\/\/www.tradballs.pt\/wp-content\/uploads\/2024\/02\/579364_206354276217262_932076864_n-640x640.jpg 640w, https:\/\/www.tradballs.pt\/wp-content\/uploads\/2024\/02\/579364_206354276217262_932076864_n-480x480.jpg 480w, https:\/\/www.tradballs.pt\/wp-content\/uploads\/2024\/02\/579364_206354276217262_932076864_n-768x768.jpg 768w, https:\/\/www.tradballs.pt\/wp-content\/uploads\/2024\/02\/579364_206354276217262_932076864_n-128x128.jpg 128w\" sizes=\"(max-width: 960px) 100vw, 960px\" \/><\/figure>\n\n\n\n<figure class=\"wp-block-image size-full has-filter-grayscale\"><img decoding=\"async\" width=\"960\" height=\"640\" data-id=\"1153\" src=\"https:\/\/www.tradballs.pt\/wp-content\/uploads\/2024\/02\/1601525_241010292751660_1240052348_n.jpg\" alt=\"\" class=\"wp-image-1153\" srcset=\"https:\/\/www.tradballs.pt\/wp-content\/uploads\/2024\/02\/1601525_241010292751660_1240052348_n.jpg 960w, https:\/\/www.tradballs.pt\/wp-content\/uploads\/2024\/02\/1601525_241010292751660_1240052348_n-640x427.jpg 640w, https:\/\/www.tradballs.pt\/wp-content\/uploads\/2024\/02\/1601525_241010292751660_1240052348_n-480x320.jpg 480w, https:\/\/www.tradballs.pt\/wp-content\/uploads\/2024\/02\/1601525_241010292751660_1240052348_n-768x512.jpg 768w\" sizes=\"(max-width: 960px) 100vw, 960px\" \/><\/figure>\n\n\n\n<figure class=\"wp-block-image size-full has-filter-grayscale\"><img decoding=\"async\" width=\"960\" height=\"720\" data-id=\"1144\" src=\"https:\/\/www.tradballs.pt\/wp-content\/uploads\/2024\/02\/48407622_1021416631377685_523063481201590272_n.jpg\" alt=\"\" class=\"wp-image-1144\" srcset=\"https:\/\/www.tradballs.pt\/wp-content\/uploads\/2024\/02\/48407622_1021416631377685_523063481201590272_n.jpg 960w, https:\/\/www.tradballs.pt\/wp-content\/uploads\/2024\/02\/48407622_1021416631377685_523063481201590272_n-640x480.jpg 640w, https:\/\/www.tradballs.pt\/wp-content\/uploads\/2024\/02\/48407622_1021416631377685_523063481201590272_n-480x360.jpg 480w, https:\/\/www.tradballs.pt\/wp-content\/uploads\/2024\/02\/48407622_1021416631377685_523063481201590272_n-768x576.jpg 768w\" sizes=\"(max-width: 960px) 100vw, 960px\" \/><\/figure>\n\n\n\n<figure class=\"wp-block-image size-large has-filter-grayscale\"><img loading=\"lazy\" decoding=\"async\" width=\"639\" height=\"960\" data-id=\"1142\" src=\"https:\/\/www.tradballs.pt\/wp-content\/uploads\/2024\/02\/1902748_232575270261829_1863076523_n.jpg\" alt=\"\" class=\"wp-image-1142\" srcset=\"https:\/\/www.tradballs.pt\/wp-content\/uploads\/2024\/02\/1902748_232575270261829_1863076523_n.jpg 639w, https:\/\/www.tradballs.pt\/wp-content\/uploads\/2024\/02\/1902748_232575270261829_1863076523_n-480x721.jpg 480w\" sizes=\"(max-width: 639px) 100vw, 639px\" \/><\/figure>\n<\/figure>\n","protected":false},"excerpt":{"rendered":"<div class=\"entry-summary\">\nBALL-Toques Aulas Regulares de M\u00fasica Os BALL-Toques proporcionam a aprendizagem de instrumentos, nomeadamente de Concertina, e das t\u00e9cnicas a partir do repert\u00f3rio tradicional, tendo como objectivo a divulga\u00e7\u00e3o, recolha e recria\u00e7\u00e3o de m\u00fasica tradicional. Nos BALL-Toques, \u00e9 poss\u00edvel aprender Concertina,&hellip;\n<\/div>\n<div class=\"link-more-container\"><a href=\"https:\/\/www.tradballs.pt\/pt\/musica-tradicional\/\" class=\"link-more\" aria-label=\"Continue reading M\u00fasica Tradicional\">Continue reading&hellip;<\/a><\/div>\n","protected":false},"author":1,"featured_media":0,"parent":0,"menu_order":14,"comment_status":"closed","ping_status":"closed","template":"","meta":{"_coblocks_attr":"","_coblocks_dimensions":"","_coblocks_responsive_height":"","_coblocks_accordion_ie_support":"","footnotes":""},"class_list":["post-739","page","type-page","status-publish","hentry","entry","entry-type-page"],"_links":{"self":[{"href":"https:\/\/www.tradballs.pt\/pt\/wp-json\/wp\/v2\/pages\/739","targetHints":{"allow":["GET"]}}],"collection":[{"href":"https:\/\/www.tradballs.pt\/pt\/wp-json\/wp\/v2\/pages"}],"about":[{"href":"https:\/\/www.tradballs.pt\/pt\/wp-json\/wp\/v2\/types\/page"}],"author":[{"embeddable":true,"href":"https:\/\/www.tradballs.pt\/pt\/wp-json\/wp\/v2\/users\/1"}],"replies":[{"embeddable":true,"href":"https:\/\/www.tradballs.pt\/pt\/wp-json\/wp\/v2\/comments?post=739"}],"version-history":[{"count":18,"href":"https:\/\/www.tradballs.pt\/pt\/wp-json\/wp\/v2\/pages\/739\/revisions"}],"predecessor-version":[{"id":1317,"href":"https:\/\/www.tradballs.pt\/pt\/wp-json\/wp\/v2\/pages\/739\/revisions\/1317"}],"wp:attachment":[{"href":"https:\/\/www.tradballs.pt\/pt\/wp-json\/wp\/v2\/media?parent=739"}],"curies":[{"name":"wp","href":"https:\/\/api.w.org\/{rel}","templated":true}]}}