{"id":259,"date":"2020-07-20T12:43:57","date_gmt":"2020-07-20T10:43:57","guid":{"rendered":"http:\/\/themedemos.webmandesign.eu\/eimear\/?page_id=259"},"modified":"2024-12-05T00:32:57","modified_gmt":"2024-12-05T00:32:57","slug":"dancas-tradicionais-europeias","status":"publish","type":"page","link":"https:\/\/www.tradballs.pt\/pt\/dancas-tradicionais-europeias\/","title":{"rendered":"Dan\u00e7as Tradicionais Europeias"},"content":{"rendered":"\n<div class=\"wp-block-media-text alignfull has-media-on-the-right is-stacked-on-mobile is-style-default has-background\" style=\"background:linear-gradient(135deg,rgb(245,240,234) 0%,rgb(238,218,193) 100%)\"><div class=\"wp-block-media-text__content\">\n<div class=\"wp-block-group\"><div class=\"wp-block-group__inner-container is-layout-constrained wp-block-group-is-layout-constrained\">\n<p class=\"has-drop-cap has-large-font-size\">As dan\u00e7as tradicionais europeias s\u00e3o <strong>dan\u00e7as de v\u00e1rios pa\u00edses<\/strong> e de <strong>f\u00e1cil aprendizagem<\/strong>. S\u00e3o dan\u00e7as de <strong>roda, em linha, a par ou em grupo, onde ningu\u00e9m fica de fora, onde se d\u00e3o as m\u00e3os e onde se d\u00e1 \u00eanfase ao conv\u00edvio, \u00e0 divers\u00e3o e \u00e0 descontra\u00e7\u00e3o, e para TODAS AS IDADES.<\/strong><\/p>\n\n\n\n<p>S\u00e3o dan\u00e7as que, para al\u00e9m de uma <strong>elevada vertente l\u00fadica<\/strong>, <strong>desenvolvem a autoestima, a autoconfian\u00e7a e a criatividade de quem as dan\u00e7a<\/strong>, ao mesmo tempo que <strong>promovem a inclus\u00e3o, a coopera\u00e7\u00e3o, a entrega e a partilha entre todos<\/strong>. Contribuem de forma indiscut\u00edvel para uma <strong>maior sociabiliza\u00e7\u00e3o, consci\u00eancia e empatia pelo outro e para a cria\u00e7\u00e3o de um maior sentido de igualdade, de envolvimento e de comunidade.<\/strong><\/p>\n\n\n\n<p>S\u00e3o geradoras de uma fiel Comunidade de Bailadores: novos e menos novos e de todos os extractos sociais. Uma comunidade ligada, atrav\u00e9s da dan\u00e7a e pela dan\u00e7a, nos bailes, nas aulas, nas redes sociais. Uma liga\u00e7\u00e3o que n\u00e3o tem apenas a dura\u00e7\u00e3o de um baile ou de festival. Os la\u00e7os criados perpetuam-se fora do contexto da dan\u00e7a.<br><br><\/p>\n<\/div><\/div>\n<\/div><figure class=\"wp-block-media-text__media\"><img fetchpriority=\"high\" decoding=\"async\" width=\"1280\" height=\"855\" src=\"https:\/\/www.tradballs.pt\/wp-content\/uploads\/2024\/02\/314510601_2112387088947295_1759882849299991654_n-1280x855.jpg\" alt=\"\" class=\"wp-image-1060 size-full\" srcset=\"https:\/\/www.tradballs.pt\/wp-content\/uploads\/2024\/02\/314510601_2112387088947295_1759882849299991654_n-1280x855.jpg 1280w, https:\/\/www.tradballs.pt\/wp-content\/uploads\/2024\/02\/314510601_2112387088947295_1759882849299991654_n-640x427.jpg 640w, https:\/\/www.tradballs.pt\/wp-content\/uploads\/2024\/02\/314510601_2112387088947295_1759882849299991654_n-480x321.jpg 480w, https:\/\/www.tradballs.pt\/wp-content\/uploads\/2024\/02\/314510601_2112387088947295_1759882849299991654_n-768x513.jpg 768w, https:\/\/www.tradballs.pt\/wp-content\/uploads\/2024\/02\/314510601_2112387088947295_1759882849299991654_n-1536x1026.jpg 1536w, https:\/\/www.tradballs.pt\/wp-content\/uploads\/2024\/02\/314510601_2112387088947295_1759882849299991654_n.jpg 1920w\" sizes=\"(max-width: 1280px) 100vw, 1280px\" \/><\/figure><\/div>\n\n\n\n<div class=\"wp-block-group\"><div class=\"wp-block-group__inner-container is-layout-constrained wp-block-group-is-layout-constrained\">\n<div style=\"height:60px\" aria-hidden=\"true\" class=\"wp-block-spacer\"><\/div>\n\n\n\n<blockquote class=\"wp-block-quote is-layout-flow wp-block-quote-is-layout-flow\">\n<p style=\"padding-top:0;padding-right:0;padding-bottom:0;padding-left:0\">  O que nos une \u00e9 a DAN\u00c7A, a PARTILHA, os SORRISOS, a CUMPLICIDADE e a AMIZADE,<br>levando &#8216;magia&#8217; e alegria a todos. <\/p>\n<cite><strong>Tanya cruz<\/strong><\/cite><\/blockquote>\n<\/div><\/div>\n\n\n\n<div style=\"height:80px\" aria-hidden=\"true\" class=\"wp-block-spacer\"><\/div>\n\n\n\n<figure class=\"wp-block-gallery alignfull has-nested-images columns-4 is-cropped has-no-gaps wp-block-gallery-1 is-layout-flex wp-block-gallery-is-layout-flex\">\n<figure class=\"wp-block-image size-large\"><img decoding=\"async\" width=\"1280\" height=\"855\" data-id=\"1071\" src=\"https:\/\/www.tradballs.pt\/wp-content\/uploads\/2024\/02\/314410982_2112387158947288_5965539355259064543_n-1280x855.jpg\" alt=\"\" class=\"wp-image-1071\" srcset=\"https:\/\/www.tradballs.pt\/wp-content\/uploads\/2024\/02\/314410982_2112387158947288_5965539355259064543_n-1280x855.jpg 1280w, https:\/\/www.tradballs.pt\/wp-content\/uploads\/2024\/02\/314410982_2112387158947288_5965539355259064543_n-640x427.jpg 640w, https:\/\/www.tradballs.pt\/wp-content\/uploads\/2024\/02\/314410982_2112387158947288_5965539355259064543_n-480x321.jpg 480w, https:\/\/www.tradballs.pt\/wp-content\/uploads\/2024\/02\/314410982_2112387158947288_5965539355259064543_n-768x513.jpg 768w, https:\/\/www.tradballs.pt\/wp-content\/uploads\/2024\/02\/314410982_2112387158947288_5965539355259064543_n-1536x1026.jpg 1536w, https:\/\/www.tradballs.pt\/wp-content\/uploads\/2024\/02\/314410982_2112387158947288_5965539355259064543_n.jpg 1920w\" sizes=\"(max-width: 1280px) 100vw, 1280px\" \/><\/figure>\n\n\n\n<figure class=\"wp-block-image size-large\"><img decoding=\"async\" width=\"1280\" height=\"855\" data-id=\"1070\" src=\"https:\/\/www.tradballs.pt\/wp-content\/uploads\/2024\/02\/314412256_2112386995613971_5575436162722255312_n-1280x855.jpg\" alt=\"\" class=\"wp-image-1070\" srcset=\"https:\/\/www.tradballs.pt\/wp-content\/uploads\/2024\/02\/314412256_2112386995613971_5575436162722255312_n-1280x855.jpg 1280w, https:\/\/www.tradballs.pt\/wp-content\/uploads\/2024\/02\/314412256_2112386995613971_5575436162722255312_n-640x427.jpg 640w, https:\/\/www.tradballs.pt\/wp-content\/uploads\/2024\/02\/314412256_2112386995613971_5575436162722255312_n-480x321.jpg 480w, https:\/\/www.tradballs.pt\/wp-content\/uploads\/2024\/02\/314412256_2112386995613971_5575436162722255312_n-768x513.jpg 768w, https:\/\/www.tradballs.pt\/wp-content\/uploads\/2024\/02\/314412256_2112386995613971_5575436162722255312_n-1536x1026.jpg 1536w, https:\/\/www.tradballs.pt\/wp-content\/uploads\/2024\/02\/314412256_2112386995613971_5575436162722255312_n.jpg 1920w\" sizes=\"(max-width: 1280px) 100vw, 1280px\" \/><\/figure>\n\n\n\n<figure class=\"wp-block-image size-large\"><img loading=\"lazy\" decoding=\"async\" width=\"1280\" height=\"855\" data-id=\"1069\" src=\"https:\/\/www.tradballs.pt\/wp-content\/uploads\/2024\/02\/312565188_2112894665563204_7549621607156750181_n-1280x855.jpg\" alt=\"\" class=\"wp-image-1069\" srcset=\"https:\/\/www.tradballs.pt\/wp-content\/uploads\/2024\/02\/312565188_2112894665563204_7549621607156750181_n-1280x855.jpg 1280w, https:\/\/www.tradballs.pt\/wp-content\/uploads\/2024\/02\/312565188_2112894665563204_7549621607156750181_n-640x427.jpg 640w, https:\/\/www.tradballs.pt\/wp-content\/uploads\/2024\/02\/312565188_2112894665563204_7549621607156750181_n-480x321.jpg 480w, https:\/\/www.tradballs.pt\/wp-content\/uploads\/2024\/02\/312565188_2112894665563204_7549621607156750181_n-768x513.jpg 768w, https:\/\/www.tradballs.pt\/wp-content\/uploads\/2024\/02\/312565188_2112894665563204_7549621607156750181_n-1536x1026.jpg 1536w, https:\/\/www.tradballs.pt\/wp-content\/uploads\/2024\/02\/312565188_2112894665563204_7549621607156750181_n.jpg 1920w\" sizes=\"(max-width: 1280px) 100vw, 1280px\" \/><\/figure>\n<\/figure>\n\n\n\n<div style=\"height:100px\" aria-hidden=\"true\" class=\"wp-block-spacer\"><\/div>\n\n\n\n<hr class=\"wp-block-separator has-css-opacity\"\/>\n\n\n\n<div style=\"height:79px\" aria-hidden=\"true\" class=\"wp-block-spacer\"><\/div>\n\n\n\n<h2 class=\"wp-block-heading has-text-align-center\">CALEND\u00c1RIO DAN\u00c7AS EUROPEIAS<\/h2>\n\n\n\n<p class=\"has-text-align-center\"><a href=\"https:\/\/calendar.google.com\/calendar\/embed?height=600&amp;wkst=1&amp;ctz=Europe%2FLisbon&amp;bgcolor=%23F6BF26&amp;showCalendars=0&amp;showPrint=0&amp;showTitle=0&amp;showTz=0&amp;showTabs=0&amp;src=ZXVyb3BlaWFzLmFnZW5kYUBnbWFpbC5jb20&amp;color=%23F09300\" data-type=\"link\" data-id=\"https:\/\/calendar.google.com\/calendar\/embed?height=600&amp;wkst=1&amp;ctz=Europe%2FLisbon&amp;bgcolor=%23F6BF26&amp;showCalendars=0&amp;showPrint=0&amp;showTitle=0&amp;showTz=0&amp;showTabs=0&amp;src=ZXVyb3BlaWFzLmFnZW5kYUBnbWFpbC5jb20&amp;color=%23F09300\" target=\"_blank\" rel=\"noreferrer noopener\">Dan\u00e7as Tradicionais Europeias em Portugal<\/a><\/p>\n\n\n\n<div style=\"height:50px\" aria-hidden=\"true\" class=\"wp-block-spacer\"><\/div>\n\n\n\n<div style=\"height:60px\" aria-hidden=\"true\" class=\"wp-block-spacer\"><\/div>\n\n\n\n<hr class=\"wp-block-separator has-css-opacity\"\/>\n\n\n\n<div style=\"height:100px\" aria-hidden=\"true\" class=\"wp-block-spacer\"><\/div>\n\n\n\n<figure class=\"wp-block-gallery alignfull has-nested-images columns-5 has-no-gaps wp-block-gallery-2 is-layout-flex wp-block-gallery-is-layout-flex\">\n<figure class=\"wp-block-image size-large\"><img loading=\"lazy\" decoding=\"async\" width=\"1280\" height=\"855\" data-id=\"1062\" src=\"https:\/\/www.tradballs.pt\/wp-content\/uploads\/2024\/02\/313415376_2112149592304378_5048701397838833526_n-1280x855.jpg\" alt=\"\" class=\"wp-image-1062\" srcset=\"https:\/\/www.tradballs.pt\/wp-content\/uploads\/2024\/02\/313415376_2112149592304378_5048701397838833526_n-1280x855.jpg 1280w, https:\/\/www.tradballs.pt\/wp-content\/uploads\/2024\/02\/313415376_2112149592304378_5048701397838833526_n-640x427.jpg 640w, https:\/\/www.tradballs.pt\/wp-content\/uploads\/2024\/02\/313415376_2112149592304378_5048701397838833526_n-480x321.jpg 480w, https:\/\/www.tradballs.pt\/wp-content\/uploads\/2024\/02\/313415376_2112149592304378_5048701397838833526_n-768x513.jpg 768w, https:\/\/www.tradballs.pt\/wp-content\/uploads\/2024\/02\/313415376_2112149592304378_5048701397838833526_n-1536x1026.jpg 1536w, https:\/\/www.tradballs.pt\/wp-content\/uploads\/2024\/02\/313415376_2112149592304378_5048701397838833526_n.jpg 1920w\" sizes=\"(max-width: 1280px) 100vw, 1280px\" \/><\/figure>\n\n\n\n<figure class=\"wp-block-image size-large\"><img loading=\"lazy\" decoding=\"async\" width=\"1280\" height=\"855\" data-id=\"1063\" src=\"https:\/\/www.tradballs.pt\/wp-content\/uploads\/2024\/02\/312725228_2112896428896361_1211838842126667448_n-1-1280x855.jpg\" alt=\"\" class=\"wp-image-1063\" srcset=\"https:\/\/www.tradballs.pt\/wp-content\/uploads\/2024\/02\/312725228_2112896428896361_1211838842126667448_n-1-1280x855.jpg 1280w, https:\/\/www.tradballs.pt\/wp-content\/uploads\/2024\/02\/312725228_2112896428896361_1211838842126667448_n-1-640x427.jpg 640w, https:\/\/www.tradballs.pt\/wp-content\/uploads\/2024\/02\/312725228_2112896428896361_1211838842126667448_n-1-480x321.jpg 480w, https:\/\/www.tradballs.pt\/wp-content\/uploads\/2024\/02\/312725228_2112896428896361_1211838842126667448_n-1-768x513.jpg 768w, https:\/\/www.tradballs.pt\/wp-content\/uploads\/2024\/02\/312725228_2112896428896361_1211838842126667448_n-1-1536x1026.jpg 1536w, https:\/\/www.tradballs.pt\/wp-content\/uploads\/2024\/02\/312725228_2112896428896361_1211838842126667448_n-1.jpg 1920w\" sizes=\"(max-width: 1280px) 100vw, 1280px\" \/><\/figure>\n\n\n\n<figure class=\"wp-block-image size-large\"><img loading=\"lazy\" decoding=\"async\" width=\"1280\" height=\"855\" data-id=\"1067\" src=\"https:\/\/www.tradballs.pt\/wp-content\/uploads\/2024\/02\/312993059_2112895198896484_8928360085669853642_n-1280x855.jpg\" alt=\"\" class=\"wp-image-1067\" srcset=\"https:\/\/www.tradballs.pt\/wp-content\/uploads\/2024\/02\/312993059_2112895198896484_8928360085669853642_n-1280x855.jpg 1280w, https:\/\/www.tradballs.pt\/wp-content\/uploads\/2024\/02\/312993059_2112895198896484_8928360085669853642_n-640x427.jpg 640w, https:\/\/www.tradballs.pt\/wp-content\/uploads\/2024\/02\/312993059_2112895198896484_8928360085669853642_n-480x321.jpg 480w, https:\/\/www.tradballs.pt\/wp-content\/uploads\/2024\/02\/312993059_2112895198896484_8928360085669853642_n-768x513.jpg 768w, https:\/\/www.tradballs.pt\/wp-content\/uploads\/2024\/02\/312993059_2112895198896484_8928360085669853642_n-1536x1026.jpg 1536w, https:\/\/www.tradballs.pt\/wp-content\/uploads\/2024\/02\/312993059_2112895198896484_8928360085669853642_n.jpg 1920w\" sizes=\"(max-width: 1280px) 100vw, 1280px\" \/><\/figure>\n<\/figure>\n","protected":false},"excerpt":{"rendered":"<div class=\"entry-summary\">\nO que nos une \u00e9 a DAN\u00c7A, a PARTILHA, os SORRISOS, a CUMPLICIDADE e a AMIZADE,levando &#8216;magia&#8217; e alegria a todos. CALEND\u00c1RIO DAN\u00c7AS EUROPEIAS Dan\u00e7as Tradicionais Europeias em Portugal\n<\/div>\n<div class=\"link-more-container\"><a href=\"https:\/\/www.tradballs.pt\/pt\/dancas-tradicionais-europeias\/\" class=\"link-more\" aria-label=\"Continue reading Dan\u00e7as Tradicionais Europeias\">Continue reading&hellip;<\/a><\/div>\n","protected":false},"author":1,"featured_media":0,"parent":0,"menu_order":8,"comment_status":"closed","ping_status":"closed","template":"","meta":{"_coblocks_attr":"","_coblocks_dimensions":"","_coblocks_responsive_height":"","_coblocks_accordion_ie_support":"","footnotes":""},"class_list":["post-259","page","type-page","status-publish","hentry","entry","entry-type-page"],"_links":{"self":[{"href":"https:\/\/www.tradballs.pt\/pt\/wp-json\/wp\/v2\/pages\/259","targetHints":{"allow":["GET"]}}],"collection":[{"href":"https:\/\/www.tradballs.pt\/pt\/wp-json\/wp\/v2\/pages"}],"about":[{"href":"https:\/\/www.tradballs.pt\/pt\/wp-json\/wp\/v2\/types\/page"}],"author":[{"embeddable":true,"href":"https:\/\/www.tradballs.pt\/pt\/wp-json\/wp\/v2\/users\/1"}],"replies":[{"embeddable":true,"href":"https:\/\/www.tradballs.pt\/pt\/wp-json\/wp\/v2\/comments?post=259"}],"version-history":[{"count":21,"href":"https:\/\/www.tradballs.pt\/pt\/wp-json\/wp\/v2\/pages\/259\/revisions"}],"predecessor-version":[{"id":1640,"href":"https:\/\/www.tradballs.pt\/pt\/wp-json\/wp\/v2\/pages\/259\/revisions\/1640"}],"wp:attachment":[{"href":"https:\/\/www.tradballs.pt\/pt\/wp-json\/wp\/v2\/media?parent=259"}],"curies":[{"name":"wp","href":"https:\/\/api.w.org\/{rel}","templated":true}]}}