{"id":248,"date":"2020-07-19T23:14:15","date_gmt":"2020-07-19T21:14:05","guid":{"rendered":"http:\/\/themedemos.webmandesign.eu\/eimear\/?page_id=248"},"modified":"2025-09-30T12:36:04","modified_gmt":"2025-09-30T11:36:04","slug":"contactos","status":"publish","type":"page","link":"https:\/\/www.tradballs.pt\/pt\/contactos\/","title":{"rendered":"Contactos"},"content":{"rendered":"\n<div class=\"wp-block-cover alignfull has-parallax is-repeated\"><span aria-hidden=\"true\" class=\"wp-block-cover__background has-palette-1-background-color has-background-dim-70 has-background-dim\"><\/span><div class=\"wp-block-cover__image-background wp-image-1045 has-parallax is-repeated\" style=\"background-position:52% 37%;background-image:url(https:\/\/www.tradballs.pt\/wp-content\/uploads\/2024\/02\/331545902_733647938146386_8789795849691605447_n.jpg)\"><\/div><div class=\"wp-block-cover__inner-container is-layout-flow wp-block-cover-is-layout-flow\">\n<div style=\"height:120px\" aria-hidden=\"true\" class=\"wp-block-spacer\"><\/div>\n\n\n<div class=\"alignwide-wrap\" data-block=\"columns\">\n<div class=\"wp-block-columns alignwide\">\n<div class=\"wp-block-column is-vertically-aligned-center\">\n<div class=\"wp-block-group has-extra-large-padding has-palette-5-color has-text-color\"><div class=\"wp-block-group__inner-container is-layout-flow wp-block-group-is-layout-flow\">\n<div style=\"height:80px\" aria-hidden=\"true\" class=\"wp-block-spacer\"><\/div>\n\n\n\n<h1 class=\"wp-block-heading\"><strong>Contacte-nos<\/strong><\/h1>\n\n\n\n<hr class=\"wp-block-separator has-css-opacity alignleft\"\/>\n<\/div><\/div>\n<\/div>\n\n\n\n<div class=\"wp-block-column\"><\/div>\n<\/div>\n<\/div>\n\n\n<div style=\"height:100px\" aria-hidden=\"true\" class=\"wp-block-spacer\"><\/div>\n<\/div><\/div>\n\n\n\n<div style=\"height:120px\" aria-hidden=\"true\" class=\"wp-block-spacer\"><\/div>\n\n\n<div class=\"alignwide-wrap\" data-block=\"columns\">\n<div class=\"wp-block-columns alignwide\">\n<div class=\"wp-block-column\">\n<h2 class=\"wp-block-heading\"><strong>Tem uma quest\u00e3o?<\/strong><\/h2>\n\n\n\n<p class=\"has-large-font-size\">Estamos dispon\u00edveis para responder a qualquer quest\u00e3o que possa ter.<\/p>\n\n\n\n<div style=\"height:36px\" aria-hidden=\"true\" class=\"wp-block-spacer\"><\/div>\n\n\n\n<div style=\"height:64px\" aria-hidden=\"true\" class=\"wp-block-spacer\"><\/div>\n\n\n\n<div class=\"wp-block-columns\">\n<div class=\"wp-block-column\">\n<h3 class=\"wp-block-heading h4\"><strong>no Teatro da Luz<\/strong><\/h3>\n\n\n\n<p>Largo da Luz<br>1600-498 Lisboa<br>Portugal<\/p>\n<\/div>\n\n\n\n<div class=\"wp-block-column\">\n<h3 class=\"wp-block-heading h4\"><strong>Contactos<\/strong><\/h3>\n\n\n\n<p>tradballs [at] tradballs.pt<br>+351 966 887 299<br>&nbsp;[chamada para a rede m\u00f3vel nacional]<br><br>NIF: 508470510<\/p>\n<\/div>\n<\/div>\n\n\n\n<p><\/p>\n<\/div>\n\n\n\n<div class=\"wp-block-column\">\n<h3 class=\"wp-block-heading h4\"><strong>Escreva-nos&#8230;<\/strong><\/h3>\n\n\n\n<div class=\"wp-block-group\"><div class=\"wp-block-group__inner-container is-layout-constrained wp-block-group-is-layout-constrained\">\n\t\t<div class=\"coblocks-form\" id=\"c0b1354dc104c5e6aeac8c7a288da15cd9ae7cd4\">\n\n\t\t\t\n\t\t\t<form action=\"https:\/\/www.tradballs.pt\/pt\/contactos\/#c0b1354dc104c5e6aeac8c7a288da15cd9ae7cd4\" method=\"post\">\n\t\t\t\t\n<div class=\"wp-block-coblocks-form\"><label class=\"coblocks-label\">Name <span class=\"required\">&#042;<\/span><\/label>\n\t\t<input type=\"hidden\" name=\"field-name[label]\" value=\"Name\">\n\n\t\t\t\t<input type=\"hidden\" id=\"name-field-id\" name=\"name-field-id\" class=\"coblocks-name-field-id\" value=\"field-name\" \/>\n\t\t\n\t\t<input type=\"text\" id=\"name\" name=\"field-name[value]\" class=\"coblocks-field coblocks-field--name\" required \/>\n\n\t\t\n\n<label class=\"coblocks-label\">Email <span class=\"required\">&#042;<\/span><\/label>\n\t\t<input type=\"hidden\" name=\"field-email[label]\" value=\"Email\">\n\n\t\t\n\t\t<input type=\"hidden\" id=\"email-field-id\" name=\"email-field-id\" class=\"coblocks-email-field-id\" value=\"field-email\" \/>\n\t\t<input type=\"email\" id=\"email\" aria-label=\"Email\" name=\"field-email[value]\" class=\"coblocks-field coblocks-field--email\" required \/>\n\n\t\t\n\n<label class=\"coblocks-label\">Message <span class=\"required\">&#042;<\/span><\/label>\n\t\t<input type=\"hidden\" name=\"field-message[label]\" value=\"Message\">\n\n\t\t\n\t\t<textarea name=\"field-message[value]\" aria-label=\"Message\" id=\"message\" class=\"coblocks-field coblocks-textarea\" rows=\"20\" required><\/textarea>\n\n\t\t\n\n\n\t\t<div class=\"coblocks-form__submit wp-block-button\">\n\t\t\t<button type=\"submit\" class=\"wp-block-button__link\" style=\"\">Contacte-nos<\/button>\n\t\t\t<input type=\"hidden\" id=\"form-submit\" name=\"form-submit\" value=\"64ef295464\" \/><input type=\"hidden\" name=\"_wp_http_referer\" value=\"\/pt\/wp-json\/wp\/v2\/pages\/248\" \/>\t\t\t<input type=\"hidden\" name=\"action\" value=\"coblocks-form-submit\">\n\n\t\t\t\t\t\t\t<input type=\"hidden\" class=\"g-recaptcha-token\" name=\"g-recaptcha-token\" \/>\n\t\t\t\t\t<\/div>\n\n\t\t<\/div>\n\t\t\t\t<input class=\"coblocks-field verify\" aria-label=\"Enter your email address to verify\" type=\"email\" name=\"coblocks-verify-email\" autocomplete=\"off\" placeholder=\"Email\" tabindex=\"-1\">\n\t\t\t\t<input type=\"hidden\" name=\"form-hash\" value=\"c0b1354dc104c5e6aeac8c7a288da15cd9ae7cd4\">\n\n\t\t\t\t\t\t\t<\/form>\n\n\t\t<\/div>\n\n\t\t<\/div><\/div>\n<\/div>\n<\/div>\n<\/div>\n\n\n<div style=\"height:100px\" aria-hidden=\"true\" class=\"wp-block-spacer\"><\/div>\n\n\n\n<figure class=\"wp-block-gallery alignfull has-nested-images columns-4 is-cropped has-no-gaps wp-block-gallery-1 is-layout-flex wp-block-gallery-is-layout-flex\">\n<figure class=\"wp-block-image size-large is-style-default\"><img fetchpriority=\"high\" decoding=\"async\" width=\"1280\" height=\"853\" data-id=\"1053\" src=\"https:\/\/www.tradballs.pt\/wp-content\/uploads\/2024\/02\/400533530_726647329491039_3215407911194508382_n-1280x853.jpg\" alt=\"\" class=\"wp-image-1053\" srcset=\"https:\/\/www.tradballs.pt\/wp-content\/uploads\/2024\/02\/400533530_726647329491039_3215407911194508382_n-1280x853.jpg 1280w, https:\/\/www.tradballs.pt\/wp-content\/uploads\/2024\/02\/400533530_726647329491039_3215407911194508382_n-640x427.jpg 640w, https:\/\/www.tradballs.pt\/wp-content\/uploads\/2024\/02\/400533530_726647329491039_3215407911194508382_n-480x320.jpg 480w, https:\/\/www.tradballs.pt\/wp-content\/uploads\/2024\/02\/400533530_726647329491039_3215407911194508382_n-768x512.jpg 768w, https:\/\/www.tradballs.pt\/wp-content\/uploads\/2024\/02\/400533530_726647329491039_3215407911194508382_n-1536x1024.jpg 1536w, https:\/\/www.tradballs.pt\/wp-content\/uploads\/2024\/02\/400533530_726647329491039_3215407911194508382_n.jpg 1920w\" sizes=\"(max-width: 1280px) 100vw, 1280px\" \/><\/figure>\n\n\n\n<figure class=\"wp-block-image size-large is-style-default\"><img decoding=\"async\" width=\"1280\" height=\"853\" data-id=\"1054\" src=\"https:\/\/www.tradballs.pt\/wp-content\/uploads\/2024\/02\/400436698_726647282824377_8514064509449689944_n-1280x853.jpg\" alt=\"\" class=\"wp-image-1054\" srcset=\"https:\/\/www.tradballs.pt\/wp-content\/uploads\/2024\/02\/400436698_726647282824377_8514064509449689944_n-1280x853.jpg 1280w, https:\/\/www.tradballs.pt\/wp-content\/uploads\/2024\/02\/400436698_726647282824377_8514064509449689944_n-640x427.jpg 640w, https:\/\/www.tradballs.pt\/wp-content\/uploads\/2024\/02\/400436698_726647282824377_8514064509449689944_n-480x320.jpg 480w, https:\/\/www.tradballs.pt\/wp-content\/uploads\/2024\/02\/400436698_726647282824377_8514064509449689944_n-768x512.jpg 768w, https:\/\/www.tradballs.pt\/wp-content\/uploads\/2024\/02\/400436698_726647282824377_8514064509449689944_n-1536x1024.jpg 1536w, https:\/\/www.tradballs.pt\/wp-content\/uploads\/2024\/02\/400436698_726647282824377_8514064509449689944_n.jpg 1920w\" sizes=\"(max-width: 1280px) 100vw, 1280px\" \/><\/figure>\n\n\n\n<figure class=\"wp-block-image size-large\"><img decoding=\"async\" width=\"1280\" height=\"853\" data-id=\"1055\" src=\"https:\/\/www.tradballs.pt\/wp-content\/uploads\/2024\/02\/400454579_726647382824367_6563282009125420005_n-1280x853.jpg\" alt=\"\" class=\"wp-image-1055\" srcset=\"https:\/\/www.tradballs.pt\/wp-content\/uploads\/2024\/02\/400454579_726647382824367_6563282009125420005_n-1280x853.jpg 1280w, https:\/\/www.tradballs.pt\/wp-content\/uploads\/2024\/02\/400454579_726647382824367_6563282009125420005_n-640x427.jpg 640w, https:\/\/www.tradballs.pt\/wp-content\/uploads\/2024\/02\/400454579_726647382824367_6563282009125420005_n-480x320.jpg 480w, https:\/\/www.tradballs.pt\/wp-content\/uploads\/2024\/02\/400454579_726647382824367_6563282009125420005_n-768x512.jpg 768w, https:\/\/www.tradballs.pt\/wp-content\/uploads\/2024\/02\/400454579_726647382824367_6563282009125420005_n-1536x1024.jpg 1536w, https:\/\/www.tradballs.pt\/wp-content\/uploads\/2024\/02\/400454579_726647382824367_6563282009125420005_n.jpg 1920w\" sizes=\"(max-width: 1280px) 100vw, 1280px\" \/><\/figure>\n<\/figure>\n","protected":false},"excerpt":{"rendered":"<div class=\"entry-summary\">\nTem uma quest\u00e3o? Estamos dispon\u00edveis para responder a qualquer quest\u00e3o que possa ter. no Teatro da Luz Largo da Luz1600-498 LisboaPortugal Contactos tradballs [at] tradballs.pt+351 966 887 299&nbsp;[chamada para a rede m\u00f3vel nacional] NIF: 508470510 Escreva-nos&#8230;\n<\/div>\n<div class=\"link-more-container\"><a href=\"https:\/\/www.tradballs.pt\/pt\/contactos\/\" class=\"link-more\" aria-label=\"Continue reading Contactos\">Continue reading&hellip;<\/a><\/div>\n","protected":false},"author":1,"featured_media":0,"parent":0,"menu_order":7,"comment_status":"closed","ping_status":"closed","template":"templates\/no-intro.php","meta":{"_coblocks_attr":"","_coblocks_dimensions":"","_coblocks_responsive_height":"","_coblocks_accordion_ie_support":"","footnotes":""},"class_list":["post-248","page","type-page","status-publish","hentry","entry","entry-type-page"],"_links":{"self":[{"href":"https:\/\/www.tradballs.pt\/pt\/wp-json\/wp\/v2\/pages\/248","targetHints":{"allow":["GET"]}}],"collection":[{"href":"https:\/\/www.tradballs.pt\/pt\/wp-json\/wp\/v2\/pages"}],"about":[{"href":"https:\/\/www.tradballs.pt\/pt\/wp-json\/wp\/v2\/types\/page"}],"author":[{"embeddable":true,"href":"https:\/\/www.tradballs.pt\/pt\/wp-json\/wp\/v2\/users\/1"}],"replies":[{"embeddable":true,"href":"https:\/\/www.tradballs.pt\/pt\/wp-json\/wp\/v2\/comments?post=248"}],"version-history":[{"count":31,"href":"https:\/\/www.tradballs.pt\/pt\/wp-json\/wp\/v2\/pages\/248\/revisions"}],"predecessor-version":[{"id":2572,"href":"https:\/\/www.tradballs.pt\/pt\/wp-json\/wp\/v2\/pages\/248\/revisions\/2572"}],"wp:attachment":[{"href":"https:\/\/www.tradballs.pt\/pt\/wp-json\/wp\/v2\/media?parent=248"}],"curies":[{"name":"wp","href":"https:\/\/api.w.org\/{rel}","templated":true}]}}