{"id":2264,"date":"2025-08-26T13:22:54","date_gmt":"2025-08-26T12:22:54","guid":{"rendered":"https:\/\/www.tradballs.pt\/pt\/?page_id=2264"},"modified":"2025-08-26T13:32:27","modified_gmt":"2025-08-26T12:32:27","slug":"raiz-daldeia-2026","status":"publish","type":"page","link":"https:\/\/www.tradballs.pt\/pt\/raiz-daldeia\/raiz-daldeia-2026\/","title":{"rendered":"Raiz d&#8217;aldeia 2026"},"content":{"rendered":"\t\t<div data-elementor-type=\"wp-page\" data-elementor-id=\"2264\" class=\"elementor elementor-2264\" data-elementor-post-type=\"page\">\n\t\t\t\t<div class=\"elementor-element elementor-element-10082d4 e-con-full e-flex e-con e-parent\" data-id=\"10082d4\" data-element_type=\"container\" data-e-type=\"container\" data-settings=\"{&quot;background_background&quot;:&quot;classic&quot;}\">\n\t\t\t\t<\/div>\n\t\t<div class=\"elementor-element elementor-element-805037d e-flex e-con-boxed e-con e-parent\" data-id=\"805037d\" data-element_type=\"container\" data-e-type=\"container\">\n\t\t\t\t\t<div class=\"e-con-inner\">\n\t\t\t\t<div class=\"elementor-element elementor-element-b7770e9 elementor-widget elementor-widget-heading\" data-id=\"b7770e9\" data-element_type=\"widget\" data-e-type=\"widget\" data-widget_type=\"heading.default\">\n\t\t\t\t<div class=\"elementor-widget-container\">\n\t\t\t\t\t<h2 class=\"elementor-heading-title elementor-size-default\">Ra\u00edz d'Aldeia 2026 - XIV Edi\u00e7\u00e3o<\/h2>\t\t\t\t<\/div>\n\t\t\t\t<\/div>\n\t\t\t\t<div class=\"elementor-element elementor-element-916f681 elementor-widget elementor-widget-text-editor\" data-id=\"916f681\" data-element_type=\"widget\" data-e-type=\"widget\" data-widget_type=\"text-editor.default\">\n\t\t\t\t<div class=\"elementor-widget-container\">\n\t\t\t\t\t\t\t\t\t<p>25 a 28 de Junho 2026<\/p>\t\t\t\t\t\t\t\t<\/div>\n\t\t\t\t<\/div>\n\t\t\t\t<div class=\"elementor-element elementor-element-55d554c elementor-widget elementor-widget-text-editor\" data-id=\"55d554c\" data-element_type=\"widget\" data-e-type=\"widget\" data-widget_type=\"text-editor.default\">\n\t\t\t\t<div class=\"elementor-widget-container\">\n\t\t\t\t\t\t\t\t\t<p>Uma a aldeia de xisto no rega\u00e7o da serra e um rio de \u00e1gua de cristalina. O cheiro da natureza no ar e as cores que salpicam a paisagem. Pequenos e gra\u00fados, novos e velhos. Tradi\u00e7\u00f5es e inova\u00e7\u00f5es, gastronomia e produtos locais. M\u00fasica e dan\u00e7as tradicionais!<\/p><p>O Ra\u00edz d\u2019Aldeia \u00e9 um encontro de gera\u00e7\u00f5es e uma partilha de valores culturais e naturais. \u00c9 dan\u00e7ar, viver e reviver as nossas tradi\u00e7\u00f5es, e as dos outros tamb\u00e9m. \u00c9 regressar \u00e0 inf\u00e2ncia, \u00e0 aldeia, ao passado, \u00e0s nossas ra\u00edzes. \u00c9 sentir o calor da terra e a frescura da \u00e1gua. \u00c9 andar de p\u00e9s descal\u00e7os e respirar m\u00fasica e dan\u00e7a!<\/p>\t\t\t\t\t\t\t\t<\/div>\n\t\t\t\t<\/div>\n\t\t\t\t<div class=\"elementor-element elementor-element-c164a41 elementor-widget elementor-widget-heading\" data-id=\"c164a41\" data-element_type=\"widget\" data-e-type=\"widget\" data-widget_type=\"heading.default\">\n\t\t\t\t<div class=\"elementor-widget-container\">\n\t\t\t\t\t<h2 class=\"elementor-heading-title elementor-size-default\">Mais informa\u00e7\u00f5es em breve...<\/h2>\t\t\t\t<\/div>\n\t\t\t\t<\/div>\n\t\t\t\t\t<\/div>\n\t\t\t\t<\/div>\n\t\t\t\t<\/div>\n\t\t","protected":false},"excerpt":{"rendered":"<div class=\"entry-summary\">\nRa\u00edz d&#8217;Aldeia 2026 &#8211; XIV Edi\u00e7\u00e3o 25 a 28 de Junho 2026 Uma a aldeia de xisto no rega\u00e7o da serra e um rio de \u00e1gua de cristalina. O cheiro da natureza no ar e as cores que salpicam a&hellip;\n<\/div>\n<div class=\"link-more-container\"><a href=\"https:\/\/www.tradballs.pt\/pt\/raiz-daldeia\/raiz-daldeia-2026\/\" class=\"link-more\" aria-label=\"Continue reading Raiz d&#8217;aldeia 2026\">Continue reading&hellip;<\/a><\/div>\n","protected":false},"author":3,"featured_media":0,"parent":1896,"menu_order":0,"comment_status":"closed","ping_status":"closed","template":"","meta":{"_coblocks_attr":"","_coblocks_dimensions":"","_coblocks_responsive_height":"","_coblocks_accordion_ie_support":"","footnotes":""},"class_list":["post-2264","page","type-page","status-publish","hentry","entry","entry-type-page"],"_links":{"self":[{"href":"https:\/\/www.tradballs.pt\/pt\/wp-json\/wp\/v2\/pages\/2264","targetHints":{"allow":["GET"]}}],"collection":[{"href":"https:\/\/www.tradballs.pt\/pt\/wp-json\/wp\/v2\/pages"}],"about":[{"href":"https:\/\/www.tradballs.pt\/pt\/wp-json\/wp\/v2\/types\/page"}],"author":[{"embeddable":true,"href":"https:\/\/www.tradballs.pt\/pt\/wp-json\/wp\/v2\/users\/3"}],"replies":[{"embeddable":true,"href":"https:\/\/www.tradballs.pt\/pt\/wp-json\/wp\/v2\/comments?post=2264"}],"version-history":[{"count":4,"href":"https:\/\/www.tradballs.pt\/pt\/wp-json\/wp\/v2\/pages\/2264\/revisions"}],"predecessor-version":[{"id":2274,"href":"https:\/\/www.tradballs.pt\/pt\/wp-json\/wp\/v2\/pages\/2264\/revisions\/2274"}],"up":[{"embeddable":true,"href":"https:\/\/www.tradballs.pt\/pt\/wp-json\/wp\/v2\/pages\/1896"}],"wp:attachment":[{"href":"https:\/\/www.tradballs.pt\/pt\/wp-json\/wp\/v2\/media?parent=2264"}],"curies":[{"name":"wp","href":"https:\/\/api.w.org\/{rel}","templated":true}]}}